{"id":1300,"date":"2024-05-23T20:21:59","date_gmt":"2024-05-23T18:21:59","guid":{"rendered":"https:\/\/up-vhs.ch.ownb.it\/projekte\/bildung-fuer-nachhaltigkeit\/"},"modified":"2024-11-05T09:21:17","modified_gmt":"2024-11-05T08:21:17","slug":"bildung-fuer-nachhaltigkeit","status":"publish","type":"page","link":"https:\/\/up-vhs.ch.ownb.it\/fr\/projets\/bildung-fuer-nachhaltigkeit\/","title":{"rendered":"Formation pour la durabilit\u00e9"},"content":{"rendered":"<link data-name=\"until-sm\" rel=\"preload\" as=\"style\" href=\"https:\/\/up-vhs.ch.ownb.it\/wp-content\/uploads\/IT-Tessin-768x432.jpg\" media=\"(max-width: 767px) and (max-height: 432px) and (max-resolution: 1.999dppx)\">\n<link data-name=\"until-sm@2x\" rel=\"preload\" as=\"style\" href=\"https:\/\/up-vhs.ch.ownb.it\/wp-content\/uploads\/IT-Tessin-1536x864.jpg\" media=\"(max-width: 767px) and (max-height: 432px) and (min-resolution: 2dppx)\">\n<link data-name=\"until-xl\" rel=\"preload\" as=\"style\" href=\"https:\/\/up-vhs.ch.ownb.it\/wp-content\/uploads\/IT-Tessin-1400x788.jpg\" media=\"(max-width: 1399px) and (max-height: 787.5px) and (max-resolution: 1.999dppx)\">\n<link data-name=\"until-xl@2x\" rel=\"preload\" as=\"style\" href=\"https:\/\/up-vhs.ch.ownb.it\/wp-content\/uploads\/IT-Tessin-2800x1576.jpg\" media=\"(max-width: 1399px) and (max-height: 787.5px) and (min-resolution: 2dppx)\">\n<link data-name=\"until-3xl\" rel=\"preload\" as=\"style\" href=\"https:\/\/up-vhs.ch.ownb.it\/wp-content\/uploads\/IT-Tessin-1900x1069.jpg\" media=\"(max-width: 1899px) and (max-height: 1068.75px) and (max-resolution: 1.999dppx)\">\n<link data-name=\"until-3xl@2x\" rel=\"preload\" as=\"style\" href=\"https:\/\/up-vhs.ch.ownb.it\/wp-content\/uploads\/IT-Tessin-3800x2138.jpg\" media=\"(max-width: 1899px) and (max-height: 1068.75px) and (min-resolution: 2dppx)\">\n<link data-name=\"full\" rel=\"preload\" as=\"style\" href=\"https:\/\/up-vhs.ch.ownb.it\/wp-content\/uploads\/IT-Tessin.jpg\" media=\"(min-width: 1900px)\">\n\n<div class=\"hero-section hero-is-image hero-size-default\" style=\"--hero-image-full: url('https:\/\/up-vhs.ch.ownb.it\/wp-content\/uploads\/IT-Tessin.jpg'); --hero-image-aspect-ratio: 1.4997070884593; --hero-image-preview: url('data:image\/jpeg;base64,\/9j\/4AAQSkZJRgABAQEASABIAAD\/4gxYSUNDX1BST0ZJTEUAAQEAAAxITGlubwIQAABtbnRyUkdCIFhZWiAHzgACAAkABgAxAABhY3NwTVNGVAAAAABJRUMgc1JHQgAAAAAAAAAAAAAAAAAA9tYAAQAAAADTLUhQICAAAAAAAAAAAAAAAAAAAAAAAAAAAAAAAAAAAAAAAAAAAAAAAAAAAAAAAAAAAAAAABFjcHJ0AAABUAAAADNkZXNjAAABhAAAAGx3dHB0AAAB8AAAABRia3B0AAACBAAAABRyWFlaAAACGAAAABRnWFlaAAACLAAAABRiWFlaAAACQAAAABRkbW5kAAACVAAAAHBkbWRkAAACxAAAAIh2dWVkAAADTAAAAIZ2aWV3AAAD1AAAACRsdW1pAAAD+AAAABRtZWFzAAAEDAAAACR0ZWNoAAAEMAAAAAxyVFJDAAAEPAAACAxnVFJDAAAEPAAACAxiVFJDAAAEPAAACAx0ZXh0AAAAAENvcHlyaWdodCAoYykgMTk5OCBIZXdsZXR0LVBhY2thcmQgQ29tcGFueQAAZGVzYwAAAAAAAAASc1JHQiBJRUM2MTk2Ni0yLjEAAAAAAAAAAAAAABJzUkdCIElFQzYxOTY2LTIuMQAAAAAAAAAAAAAAAAAAAAAAAAAAAAAAAAAAAAAAAAAAAAAAAAAAAAAAAAAAAAAAAAAAWFlaIAAAAAAAAPNRAAEAAAABFsxYWVogAAAAAAAAAAAAAAAAAAAAAFhZWiAAAAAAAABvogAAOPUAAAOQWFlaIAAAAAAAAGKZAAC3hQAAGNpYWVogAAAAAAAAJKAAAA+EAAC2z2Rlc2MAAAAAAAAAFklFQyBodHRwOi8vd3d3LmllYy5jaAAAAAAAAAAAAAAAFklFQyBodHRwOi8vd3d3LmllYy5jaAAAAAAAAAAAAAAAAAAAAAAAAAAAAAAAAAAAAAAAAAAAAAAAAAAAAAAAAAAAAABkZXNjAAAAAAAAAC5JRUMgNjE5NjYtMi4xIERlZmF1bHQgUkdCIGNvbG91ciBzcGFjZSAtIHNSR0IAAAAAAAAAAAAAAC5JRUMgNjE5NjYtMi4xIERlZmF1bHQgUkdCIGNvbG91ciBzcGFjZSAtIHNSR0IAAAAAAAAAAAAAAAAAAAAAAAAAAAAAZGVzYwAAAAAAAAAsUmVmZXJlbmNlIFZpZXdpbmcgQ29uZGl0aW9uIGluIElFQzYxOTY2LTIuMQAAAAAAAAAAAAAALFJlZmVyZW5jZSBWaWV3aW5nIENvbmRpdGlvbiBpbiBJRUM2MTk2Ni0yLjEAAAAAAAAAAAAAAAAAAAAAAAAAAAAAAAAAAHZpZXcAAAAAABOk\/gAUXy4AEM8UAAPtzAAEEwsAA1yeAAAAAVhZWiAAAAAAAEwJVgBQAAAAVx\/nbWVhcwAAAAAAAAABAAAAAAAAAAAAAAAAAAAAAAAAAo8AAAACc2lnIAAAAABDUlQgY3VydgAAAAAAAAQAAAAABQAKAA8AFAAZAB4AIwAoAC0AMgA3ADsAQABFAEoATwBUAFkAXgBjAGgAbQByAHcAfACBAIYAiwCQAJUAmgCfAKQAqQCuALIAtwC8AMEAxgDLANAA1QDbAOAA5QDrAPAA9gD7AQEBBwENARMBGQEfASUBKwEyATgBPgFFAUwBUgFZAWABZwFuAXUBfAGDAYsBkgGaAaEBqQGxAbkBwQHJAdEB2QHhAekB8gH6AgMCDAIUAh0CJgIvAjgCQQJLAlQCXQJnAnECegKEAo4CmAKiAqwCtgLBAssC1QLgAusC9QMAAwsDFgMhAy0DOANDA08DWgNmA3IDfgOKA5YDogOuA7oDxwPTA+AD7AP5BAYEEwQgBC0EOwRIBFUEYwRxBH4EjASaBKgEtgTEBNME4QTwBP4FDQUcBSsFOgVJBVgFZwV3BYYFlgWmBbUFxQXVBeUF9gYGBhYGJwY3BkgGWQZqBnsGjAadBq8GwAbRBuMG9QcHBxkHKwc9B08HYQd0B4YHmQesB78H0gflB\/gICwgfCDIIRghaCG4IggiWCKoIvgjSCOcI+wkQCSUJOglPCWQJeQmPCaQJugnPCeUJ+woRCicKPQpUCmoKgQqYCq4KxQrcCvMLCwsiCzkLUQtpC4ALmAuwC8gL4Qv5DBIMKgxDDFwMdQyODKcMwAzZDPMNDQ0mDUANWg10DY4NqQ3DDd4N+A4TDi4OSQ5kDn8Omw62DtIO7g8JDyUPQQ9eD3oPlg+zD88P7BAJECYQQxBhEH4QmxC5ENcQ9RETETERTxFtEYwRqhHJEegSBxImEkUSZBKEEqMSwxLjEwMTIxNDE2MTgxOkE8UT5RQGFCcUSRRqFIsUrRTOFPAVEhU0FVYVeBWbFb0V4BYDFiYWSRZsFo8WshbWFvoXHRdBF2UXiReuF9IX9xgbGEAYZRiKGK8Y1Rj6GSAZRRlrGZEZtxndGgQaKhpRGncanhrFGuwbFBs7G2MbihuyG9ocAhwqHFIcexyjHMwc9R0eHUcdcB2ZHcMd7B4WHkAeah6UHr4e6R8THz4faR+UH78f6iAVIEEgbCCYIMQg8CEcIUghdSGhIc4h+yInIlUigiKvIt0jCiM4I2YjlCPCI\/AkHyRNJHwkqyTaJQklOCVoJZclxyX3JicmVyaHJrcm6CcYJ0kneierJ9woDSg\/KHEooijUKQYpOClrKZ0p0CoCKjUqaCqbKs8rAis2K2krnSvRLAUsOSxuLKIs1y0MLUEtdi2rLeEuFi5MLoIuty7uLyQvWi+RL8cv\/jA1MGwwpDDbMRIxSjGCMbox8jIqMmMymzLUMw0zRjN\/M7gz8TQrNGU0njTYNRM1TTWHNcI1\/TY3NnI2rjbpNyQ3YDecN9c4FDhQOIw4yDkFOUI5fzm8Ofk6Njp0OrI67zstO2s7qjvoPCc8ZTykPOM9Ij1hPaE94D4gPmA+oD7gPyE\/YT+iP+JAI0BkQKZA50EpQWpBrEHuQjBCckK1QvdDOkN9Q8BEA0RHRIpEzkUSRVVFmkXeRiJGZ0arRvBHNUd7R8BIBUhLSJFI10kdSWNJqUnwSjdKfUrESwxLU0uaS+JMKkxyTLpNAk1KTZNN3E4lTm5Ot08AT0lPk0\/dUCdQcVC7UQZRUFGbUeZSMVJ8UsdTE1NfU6pT9lRCVI9U21UoVXVVwlYPVlxWqVb3V0RXklfgWC9YfVjLWRpZaVm4WgdaVlqmWvVbRVuVW+VcNVyGXNZdJ114XcleGl5sXr1fD19hX7NgBWBXYKpg\/GFPYaJh9WJJYpxi8GNDY5dj62RAZJRk6WU9ZZJl52Y9ZpJm6Gc9Z5Nn6Wg\/aJZo7GlDaZpp8WpIap9q92tPa6dr\/2xXbK9tCG1gbbluEm5rbsRvHm94b9FwK3CGcOBxOnGVcfByS3KmcwFzXXO4dBR0cHTMdSh1hXXhdj52m3b4d1Z3s3gReG54zHkqeYl553pGeqV7BHtje8J8IXyBfOF9QX2hfgF+Yn7CfyN\/hH\/lgEeAqIEKgWuBzYIwgpKC9INXg7qEHYSAhOOFR4Wrhg6GcobXhzuHn4gEiGmIzokziZmJ\/opkisqLMIuWi\/yMY4zKjTGNmI3\/jmaOzo82j56QBpBukNaRP5GokhGSepLjk02TtpQglIqU9JVflcmWNJaflwqXdZfgmEyYuJkkmZCZ\/JpomtWbQpuvnByciZz3nWSd0p5Anq6fHZ+Ln\/qgaaDYoUehtqImopajBqN2o+akVqTHpTilqaYapoum\/adup+CoUqjEqTepqaocqo+rAqt1q+msXKzQrUStuK4trqGvFq+LsACwdbDqsWCx1rJLssKzOLOutCW0nLUTtYq2AbZ5tvC3aLfguFm40blKucK6O7q1uy67p7whvJu9Fb2Pvgq+hL7\/v3q\/9cBwwOzBZ8Hjwl\/C28NYw9TEUcTOxUvFyMZGxsPHQce\/yD3IvMk6ybnKOMq3yzbLtsw1zLXNNc21zjbOts83z7jQOdC60TzRvtI\/0sHTRNPG1EnUy9VO1dHWVdbY11zX4Nhk2OjZbNnx2nba+9uA3AXcit0Q3ZbeHN6i3ynfr+A24L3hROHM4lPi2+Nj4+vkc+T85YTmDeaW5x\/nqegy6LzpRunQ6lvq5etw6\/vshu0R7ZzuKO6070DvzPBY8OXxcvH\/8ozzGfOn9DT0wvVQ9d72bfb794r4Gfio+Tj5x\/pX+uf7d\/wH\/Jj9Kf26\/kv+3P9t\/\/\/\/2wBDAAYEBAUEBAYFBQUGBgYHCQ4JCQgICRINDQoOFRIWFhUSFBQXGiEcFxgfGRQUHScdHyIjJSUlFhwpLCgkKyEkJST\/2wBDAQYGBgkICREJCREkGBQYJCQkJCQkJCQkJCQkJCQkJCQkJCQkJCQkJCQkJCQkJCQkJCQkJCQkJCQkJCQkJCQkJCT\/wAARCAAkAEADASIAAhEBAxEB\/8QAGwAAAgMBAQEAAAAAAAAAAAAAAAcEBQYIAwL\/xAA0EAABAwMCBAQDBgcAAAAAAAABAgMEAAUREiEGMUFRBxMicRRhgRUykaHB8CQzcrGy0eH\/xAAZAQACAwEAAAAAAAAAAAAAAAABAwACBAX\/xAAgEQACAQQDAAMAAAAAAAAAAAAAAQIDESExBBIiEzJB\/9oADAMBAAIRAxEAPwDEx3FymkJ1tmQhO+k5B7HfrUpm9MQlr+LIQ4kZOoY2+fasAnipcdwNtNAqyAdaSlR+gPOpciXNuLjiXGnHUEJKXltlKgNzv8v+UY8upGHVHLlwlKXZ6GdbfEoWxyGlEpZEl3y0aSSjOM7g\/T8acfDl0g8RQg427okoGHWcbg9x8q4uuKHocxoKC0kOakIVtjff9Kc1rvcq2usy4zy23EAEEH959q2UKrqJ3wxNSHwNfqY+H4wjMuPuFQbbBUpWOQpJeL\/i+qA4uxWB1s6hiRJG5G\/3U\/7r2428eJL9tTZI8ZlqTIQfNfSr0hI7D6UirkyZEtJdfSS8da1AchzJ78qRW5T+iNMKcHaSL+8cc3u6wkfbExx5tKQGWFH0ADkce3eo8S4pbZ86EyhLi9vQjGpRqlmsLlYDbyEtYynzF7kVJjGLBtwdbXrl4\/mavSkY5D9965012zLY5RS0X118L+L+GHHw\/apT\/l7qlRwVEJ37f3FZ4OIhykGTkqTj0PEpP1610jM8YrdOaKrTEmuqB1FT6dKCPYH9Kz\/Elx4E4siw2b8zDcnPOAIVFUS9jcgBQ9XM8jtWlXWx7UW\/LErLxeAplpxlASdSC46PTjoCavoVxenKh2v4tkyDhBZJIKjyApn37wc4Dhsw1+dLtyT6llD\/AK1JxklRXkdMbAYz1qRbvDfge6xmU2i7lT0Z8OOOOFpx8nnsoYPbYk+1Bq5SVNPDEO6J8W6TiuN8Q4h3yigJJ3Seh71Gbt896cXXbfKU2tJ0oXlJ5bYJrp5XhZaH5KWIchtwpQPJSlamXUrA+8FAkE+4+pqineF8jhqG8Lsp56O475vxJKS5rxk5IA7Hn+XWdbZLKCOfJFjuMJKFGGlllw4BeKSo\/LvX1eGvJbSzGaKG2cBRKhkqO+cZ99ulOG7ritKdX\/C3eG0VFkPguSI6dsqGrZQz0B2qnlcH8RCO3Ksdrts9biA6QtAU4kf0ED86lr5A7J2ZXcf31+3B2DBYjxWlKKSWknVgdMk1kOHEBm7W95BIcL6MLzuNxyooo1HkrHCwbm33WRL4+ZQ5pKGnvJCTlWpKtjqJJJznvTl4j4jl2dERi3tRIweWEKUllJVjfbJz2ooq60S+TRPBlDIlmLHW+2NSHFNglJ7g9PpWWX4gXgXZ+Jlny0g42Vn\/ACoopDbNbRZSFG82dE17S08yrUlTSQD0yMkE4PWvO12SLImMLeU+t9SlJD4cKFp26acD8QaKKbDQma9H\/9k='); --hero-image-until-sm: url('https:\/\/up-vhs.ch.ownb.it\/wp-content\/uploads\/IT-Tessin-768x432.jpg'); --hero-image-until-sm-2x: url('https:\/\/up-vhs.ch.ownb.it\/wp-content\/uploads\/IT-Tessin-1536x864.jpg'); --hero-image-until-xl: url('https:\/\/up-vhs.ch.ownb.it\/wp-content\/uploads\/IT-Tessin-1400x788.jpg'); --hero-image-until-xl-2x: url('https:\/\/up-vhs.ch.ownb.it\/wp-content\/uploads\/IT-Tessin-2800x1576.jpg'); --hero-image-until-3xl: url('https:\/\/up-vhs.ch.ownb.it\/wp-content\/uploads\/IT-Tessin-1900x1069.jpg'); --hero-image-until-3xl-2x: url('https:\/\/up-vhs.ch.ownb.it\/wp-content\/uploads\/IT-Tessin-3800x2138.jpg'); --hero-image-position: 48.006905210295% 41.525423728814%\"\n>\n\t<div class=\"hero-media\">\n\t\t\t<div class=\"hero-logo-overlay-container\">\n\t\t\t\t<svg class=\"hero-logo-overlay-mask\" aria-hidden=\"true\" focusable=\"false\" width=\"576\" height=\"576\" viewBox=\"0 0 576 576\" fill=\"none\" xmlns=\"http:\/\/www.w3.org\/2000\/svg\">\n\t\t\t\t\t<defs>\n\t\t\t\t\t\t<clipPath id=\"overlay-logo-17b331d8a-c3d6-4eac-800e-065e24da9481\" clipPathUnits=\"objectBoundingBox\">\n\t\t\t\t\t\t\t<path d=\"M0 1c.55229167 0 1-.44770833 1-1H.71875v.00223958c0 .3974132-.32159722.7197743-.71875.72097223V1Z\"><\/path>\n\t\t\t\t\t\t<\/clipPath>\n\t\t\t\t\t<\/defs>\n\t\t\t\t<\/svg>\n\t\t\t\t<div class=\"hero-logo-overlay hero-logo-overlay-1\" style=\"--width: 576px; --aspect-ratio: 576 \/ 576; --url: url(#overlay-logo-17b331d8a-c3d6-4eac-800e-065e24da9481)\"><\/div>\n\n\t\t\t\t<svg class=\"hero-logo-overlay-mask\" aria-hidden=\"true\" focusable=\"false\" width=\"906\" height=\"906\" viewBox=\"0 0 906 906\" xmlns=\"http:\/\/www.w3.org\/2000\/svg\">\n\t\t\t\t\t<defs>\n\t\t\t\t\t\t<clipPath id=\"overlay-logo-27b331d8a-c3d6-4eac-800e-065e24da9481\" clipPathUnits=\"objectBoundingBox\">\n\t\t\t\t\t\t\t<path d=\"M1 0C.44771523 0 0 .44771523 0 1h.28125386C.28125166.99925607.28124945.99851214.28124945.99776821c0-.3974437.3215894-.71977594.71875055-.72097903V0Z\"><\/path>\n\t\t\t\t\t\t<\/clipPath>\n\t\t\t\t\t<\/defs>\n\t\t\t\t<\/svg>\n\t\t\t\t<div class=\"hero-logo-overlay hero-logo-overlay-2\" style=\"--width: 906px; --aspect-ratio: 906 \/ 906; --url: url(#overlay-logo-27b331d8a-c3d6-4eac-800e-065e24da9481)\"><\/div>\n\t\t\t<\/div>\n\n\t\t<div class=\"hero-content-wrapper\">\n\t\t\t<div class=\"hero-content\">\n\t\t\t\t<h1 class=\"hero-title\">\n\t\t\t\t\t<span class=\"headline-bg-wrapper-ghost\" aria-hidden=\"true\" data-content=\"Formation pour la durabilit\u00e9\"><\/span><span class=\"headline-bg-wrapper\">Formation pour la durabilit\u00e9<\/span>\n\t\t\t\t<\/h1>\n\t\t\t<\/div>\n\t\t<\/div>\n\t\t<div class=\"hero-scroll-indicator-wrapper\">\n\t\t\t<button class=\"hero-scroll-indicator\" aria-hidden=\"true\" tabindex=\"-1\">\n\t\t\t\t<svg aria-hidden=\"true\" focusable=\"false\" width=\"22\" height=\"24\" viewBox=\"0 0 22 24\" xmlns=\"http:\/\/www.w3.org\/2000\/svg\"><path d=\"m21.248 13.493-7.938 9.352a3.275 3.275 0 0 1-4.993 0L.378 13.493a1.606 1.606 0 1 1 2.457-2.07l6.373 7.505V1.605a1.605 1.605 0 0 1 3.21 0v17.323l6.35-7.506a1.616 1.616 0 1 1 2.48 2.071Z\" fill=\"currentColor\" fill-rule=\"nonzero\"><\/path><\/svg>\n\n\t\t\t\t<span class=\"sr-only\">Faire d\u00e9filer vers le bas<\/span>\n\t\t\t<\/button>\n\t\t<\/div>\n\t\t<div class=\"hero-preview-wrapper loading\"><div class=\"hero-preview\"><\/div><\/div>\n\t\t<svg width=\"0\" height=\"0\" xmlns=\"http:\/\/www.w3.org\/2000\/svg\" version=\"1.1\">\n\t\t\t<defs>\n\t\t\t\t<filter id=\"goo\">\n\t\t\t\t<feGaussianBlur in=\"SourceGraphic\" stdDeviation=\"5\" result=\"blur\"><\/feGaussianBlur>\n\t\t\t\t<feColorMatrix in=\"blur\" mode=\"matrix\" values=\"1 0 0 0 0  0 1 0 0 0  0 0 1 0 0  0 0 0 19 -9\" result=\"goo\"><\/feColorMatrix>\n\t\t\t\t<feComposite in=\"SourceGraphic\" in2=\"goo\" operator=\"atop\"><\/feComposite>\n\t\t\t\t<\/filter>\n\t\t\t<\/defs>\n\t\t<\/svg>\n\t<\/div>\n<\/div>\n<script>\nwindow.heroPageLoadTimestamp = Date.now()\n\n;(() => {\nconst previewElement = document.currentScript.previousElementSibling.querySelector('.hero-preview-wrapper')\nconst mediaElement = previewElement.closest('.hero-media')\nconst getUrl = () => getComputedStyle(mediaElement).backgroundImage\n\t.match(\/url\\(([\"']?)([^'\"]*?)\\1\\)\/)?.[2] ?? undefined\n\nlet isInitialLoad = true\nlet currentUrl = getUrl()\n\nconst reactToUrl = url => {\n\tif (!url) return\n\n\tpreviewElement.classList.add('loading')\n\n\tconst start = isInitialLoad ? window.heroPageLoadTimestamp : Date.now()\n\tconst image = new Image()\n\timage.src = url\n\timage.onload = () => {\n\t\tconst end = Date.now()\n\t\tconst duration = end - start\n\n\t\tlet loadingSpeed = 'instant'\n\t\tif (duration > 500) {\n\t\t\tloadingSpeed = 'fast'\n\t\t}\n\t\tif (duration > 1_500) {\n\t\t\tloadingSpeed = 'medium'\n\t\t}\n\t\tif (duration > 3_000) {\n\t\t\tloadingSpeed = 'slow'\n\t\t}\n\n\t\tpreviewElement.dataset.loadingSpeed = loadingSpeed\n\t\tpreviewElement.classList.remove('loading')\n\t}\n\n\tisInitialLoad = false\n}\nreactToUrl(currentUrl)\n\nconst observer = new ResizeObserver(() => {\n\tconst newUrl = getUrl()\n\tif (currentUrl !== newUrl) {\n\t\tcurrentUrl = newUrl\n\t\treactToUrl(currentUrl)\n\t}\n})\nobserver.observe(mediaElement)\n})()\n<\/script>\n<div class=\"breadcrumb-container\">\n\t<div class=\"container\">\n\t\t<nav class=\"breadcrumb\" aria-label=\"Fil d&apos;Ariane\">\n\t\t\t<ol>\n\t\t\t\t<li>\n\t\t\t\t\t<a href=\"https:\/\/up-vhs.ch.ownb.it\/fr\/\" class=\"breadcrumb-link\">Page d\u2019accueil<\/a>\n\t\t\t\t<\/li>\n\t\t\t\t<li>\n\t\t\t\t\t<a href=\"https:\/\/up-vhs.ch.ownb.it\/fr\/projets\/\" class=\"breadcrumb-link\">Projets<\/a>\n\t\t\t\t<\/li>\n\t\t\t\t<li>\n\t\t\t\t\t<a href=\"https:\/\/up-vhs.ch.ownb.it\/fr\/projets\/bildung-fuer-nachhaltigkeit\/\" class=\"breadcrumb-link\" aria-current=\"page\">Formation pour la durabilit\u00e9<\/a>\n\t\t\t\t<\/li>\n\t\t\t<\/ol>\n\t\t<\/nav>\n\t<\/div>\n<\/div>\n\n<div\n\tclass=\"scrollable-section page-section layout-default align-default\"\n\tx-data=\"{\n\t\tscrollPositions: new Map(),\n\t\tget _matchingId() {\n\t\t\tlet firstItem = [...this.scrollPositions]\n\t\t\t\t.sort(([_1, a], [_2, b]) =&gt; a - b)\n\t\t\t\t.findLast(([_, position]) => position < 200)\n\t\t\treturn firstItem?.[0] ?? &quot;eins&quot;\n\t\t},\n\t\tmatchingId: &quot;eins&quot;,\n\t}\"\n\tx-init=\"$watch('_matchingId', (value, oldValue) =&gt; {\n\t\tif (value !== oldValue) {\n\t\t\t$data.matchingId = value\n\t\t}\n\t})\"\n>\n\t<div class=\"section-grid grid-layout container\">\n\t\t<div style=\"--grid-layout-index: 1; --col-xs: 12; --col-sm: 4; --col-md: 3; --col-lg: 3; --col-xl: 3\" class=\"section-item layout-default layout-margin-default\" x-ref=\"listWrapper\">\n\t\t\t<div class=\"scrollable-mobile-navigation\">\n\n<div class=\"accordion-wrapper\">\n\t<div class=\"accordion-group\"\n\t\tdata-reflect-hash=\"false\"\n\t\tdata-exclusive=\"true\"\n\t\tdata-style=\"cards\"\n\t>\n\n\n\n\n<div class=\"wpce-accordion accordion\">\n\t<div class=\"accordion-heading-wrapper\" role=\"heading\" aria-level=\"2\">\n\t\t<button\n\t\t\ttype=\"button\"\n\t\t\tclass=\"accordion-heading\"\n\t\t\tid=\"accordion-header-wpce-latte-69e62af87d10b-render-1\"\n\t\t\taria-controls=\"accordion-content-wpce-latte-69e62af87d10b-render-1\"\n\t\t>\n\t\t\tTable des mati\u00e8res\n\n\t\t\t<div class=\"accordion-icon-wrapper toggle-wrapper\">\n\t\t\t\t<svg class=\"toggle-icon\" width=\"12\" height=\"12\" viewBox=\"0 0 12 12\" xmlns=\"http:\/\/www.w3.org\/2000\/svg\">\n\t\t\t\t\t<g fill=\"currentColor\" fill-rule=\"evenodd\">\n\t\t\t\t\t\t<rect y=\"5\" width=\"12\" height=\"2\"><\/rect>\n\t\t\t\t\t\t<polygon class=\"toggle-icon-vertical\" points=\"7 0 7 12 5 12 5 0\"><\/polygon>\n\t\t\t\t\t<\/g>\n\t\t\t\t<\/svg>\n\t\t\t<\/div>\n\t\t<\/button>\n\t<\/div>\n\t<div\n\t\tclass=\"accordion-inner\"\n\t\tid=\"accordion-content-wpce-latte-69e62af87d10b-render-1\"\n\t\trole=\"region\"\n\t\taria-labelledby=\"accordion-header-wpce-latte-69e62af87d10b-render-1\"\n\t>\n\t\t\t\t\t\t<ul class=\"scrollable-mobile-summary\">\n\t\t\t\t\t\t\t\t<li class=\"scrollable-mobile-item\">\n\t\t\t\t\t\t\t\t\t<a href=\"#eins\">\u00c9ducation \u00e0 la durabilit\u00e9<\/a>\n\t\t\t\t\t\t\t\t<\/li>\n\t\t\t\t\t\t\t\t<li class=\"scrollable-mobile-item\">\n\t\t\t\t\t\t\t\t\t<a href=\"#zwei\">Partenaires du projet<\/a>\n\t\t\t\t\t\t\t\t<\/li>\n\t\t\t\t\t\t<\/ul>\n\t<\/div>\n<\/div>\n\t<\/div>\n<\/div>\n\t\t\t<\/div>\n\t\t\t<ul class=\"scrollable-summary\">\n\t\t\t\t\t<li\n\t\t\t\t\t\tx-data=\"{\n\t\t\t\t\t\t\tget isActive() {\n\t\t\t\t\t\t\t\treturn $breakpoints('sm') &#038;&#038; matchingId === &quot;eins&quot;\n\t\t\t\t\t\t\t}\n\t\t\t\t\t\t}\"\n\t\t\t\t\t\tx-init=\"$watch('isActive', (value, oldValue) =&gt; {\n\t\t\t\t\t\t\tif (value) {\n\t\t\t\t\t\t\t\tlet rect = $el.getBoundingClientRect()\n\t\t\t\t\t\t\t\tlet containerStyle = getComputedStyle($refs.listWrapper)\n\t\t\t\t\t\t\t\tlet containerRect = $refs.listWrapper.getBoundingClientRect()\n\n\t\t\t\t\t\t\t\tlet containerTop = containerRect.top + parseInt(containerStyle.paddingTop)\n\t\t\t\t\t\t\t\tlet containerHeight = containerRect.height - parseInt(containerStyle.paddingTop) - parseInt(containerStyle.paddingBottom)\n\n\t\t\t\t\t\t\t\tlet top = rect.top - containerTop\n\t\t\t\t\t\t\t\tlet bottom = top + rect.height\n\n\t\t\t\t\t\t\t\tlet scrollBehavior = matchMedia('(prefers-reduced-motion: reduce)')\n\t\t\t\t\t\t\t\t\t? 'instant'\n\t\t\t\t\t\t\t\t\t: 'smooth'\n\n\t\t\t\t\t\t\t\tif (top < 0) {\n\t\t\t\t\t\t\t\t\t$refs.listWrapper.scrollTo({\n\t\t\t\t\t\t\t\t\t\ttop: top + $refs.listWrapper.scrollTop,\n\t\t\t\t\t\t\t\t\t\tbehavior: scrollBehavior,\n\t\t\t\t\t\t\t\t\t})\n\t\t\t\t\t\t\t\t} else if (bottom &gt; containerHeight) {\n\t\t\t\t\t\t\t\t\t$refs.listWrapper.scrollTo({\n\t\t\t\t\t\t\t\t\t\ttop: bottom - containerHeight + $refs.listWrapper.scrollTop,\n\t\t\t\t\t\t\t\t\t\tbehavior: scrollBehavior,\n\t\t\t\t\t\t\t\t\t})\n\t\t\t\t\t\t\t\t}\n\t\t\t\t\t\t\t}\n\t\t\t\t\t\t})\"\n\t\t\t\t\t\tclass=\"scrollable-item\"\n\t\t\t\t\t\t:class=\"{ active: $breakpoints('sm') &#038;&#038; matchingId === &quot;eins&quot; }\"\n\t\t\t\t\t>\n\t\t\t\t\t\t<a href=\"#eins\">\u00c9ducation \u00e0 la durabilit\u00e9<\/a>\n\t\t\t\t\t<\/li>\n\t\t\t\t\t<li\n\t\t\t\t\t\tx-data=\"{\n\t\t\t\t\t\t\tget isActive() {\n\t\t\t\t\t\t\t\treturn $breakpoints('sm') &#038;&#038; matchingId === &quot;zwei&quot;\n\t\t\t\t\t\t\t}\n\t\t\t\t\t\t}\"\n\t\t\t\t\t\tx-init=\"$watch('isActive', (value, oldValue) =&gt; {\n\t\t\t\t\t\t\tif (value) {\n\t\t\t\t\t\t\t\tlet rect = $el.getBoundingClientRect()\n\t\t\t\t\t\t\t\tlet containerStyle = getComputedStyle($refs.listWrapper)\n\t\t\t\t\t\t\t\tlet containerRect = $refs.listWrapper.getBoundingClientRect()\n\n\t\t\t\t\t\t\t\tlet containerTop = containerRect.top + parseInt(containerStyle.paddingTop)\n\t\t\t\t\t\t\t\tlet containerHeight = containerRect.height - parseInt(containerStyle.paddingTop) - parseInt(containerStyle.paddingBottom)\n\n\t\t\t\t\t\t\t\tlet top = rect.top - containerTop\n\t\t\t\t\t\t\t\tlet bottom = top + rect.height\n\n\t\t\t\t\t\t\t\tlet scrollBehavior = matchMedia('(prefers-reduced-motion: reduce)')\n\t\t\t\t\t\t\t\t\t? 'instant'\n\t\t\t\t\t\t\t\t\t: 'smooth'\n\n\t\t\t\t\t\t\t\tif (top < 0) {\n\t\t\t\t\t\t\t\t\t$refs.listWrapper.scrollTo({\n\t\t\t\t\t\t\t\t\t\ttop: top + $refs.listWrapper.scrollTop,\n\t\t\t\t\t\t\t\t\t\tbehavior: scrollBehavior,\n\t\t\t\t\t\t\t\t\t})\n\t\t\t\t\t\t\t\t} else if (bottom &gt; containerHeight) {\n\t\t\t\t\t\t\t\t\t$refs.listWrapper.scrollTo({\n\t\t\t\t\t\t\t\t\t\ttop: bottom - containerHeight + $refs.listWrapper.scrollTop,\n\t\t\t\t\t\t\t\t\t\tbehavior: scrollBehavior,\n\t\t\t\t\t\t\t\t\t})\n\t\t\t\t\t\t\t\t}\n\t\t\t\t\t\t\t}\n\t\t\t\t\t\t})\"\n\t\t\t\t\t\tclass=\"scrollable-item\"\n\t\t\t\t\t\t:class=\"{ active: $breakpoints('sm') &#038;&#038; matchingId === &quot;zwei&quot; }\"\n\t\t\t\t\t>\n\t\t\t\t\t\t<a href=\"#zwei\">Partenaires du projet<\/a>\n\t\t\t\t\t<\/li>\n\t\t\t<\/ul>\n\t\t<\/div>\n\n\t\t<div style=\"--grid-layout-index: 2; --col-xs: 12; --col-sm: 8; --col-md: 9; --col-lg: 9; --col-xl: 9\" class=\"section-item layout-default layout-margin-default scrollable-content\">\n\t\t\t<div class=\"column-content\">\n\t\t\t\t<a name=\"eins\" x-data='{ id: \"eins\", requested: false }' x-on:scroll.document.passive=\"!requested &amp;&amp; requestAnimationFrame(() =&gt; {\n\t\t\tlet scrollTop = $el.getBoundingClientRect().top;\n\t\t\t$data.scrollPositions.set(id, scrollTop);\n\t\t})\"><\/a><h3>&Eacute;ducation &agrave; la durabilit&eacute;<\/h3><p>Durabilit&eacute; : Un concept souvent galvaud&eacute;, suscitant parfois l&rsquo;exasp&eacute;ration face aux avertissements r&eacute;p&eacute;t&eacute;s, aux appels au renoncement et aux contraintes per&ccedil;ues sur les libert&eacute;s individuelles. Pourtant, il demeure essentiel de s&rsquo;interroger sur la plan&egrave;te que nous l&eacute;guerons aux g&eacute;n&eacute;rations futures. C&rsquo;est pourquoi, entre 2025 et 2028, les Universit&eacute;s populaires mettront un accent particulier sur les questions de durabilit&eacute;, tant dans leurs programmes &eacute;ducatifs que par une introspection institutionnelle.<\/p><p>Pour l&rsquo;AUPS, la durabilit&eacute; d&eacute;passe largement la simple r&eacute;duction des &eacute;missions de CO2, l&rsquo;adoption d&rsquo;&eacute;nergies renouvelables, une alimentation v&eacute;g&eacute;tarienne ou l&rsquo;encouragement de la mobilit&eacute; douce. Elle englobe &eacute;galement des dimensions culturelles, sociales et &eacute;conomiques, et influence l&rsquo;action institutionnelle. L&rsquo;&eacute;ducation &agrave; la durabilit&eacute; sera ainsi abord&eacute;e sous un angle plus large, en tant qu&rsquo;entreprise culturelle, spirituelle, &eacute;conomique, philosophique et artistique.<\/p><p>Il s&rsquo;agira non pas de donner des le&ccedil;ons de morale ou de brandir des injonctions, mais de favoriser une compr&eacute;hension plus profonde des origines, des formes et de l&rsquo;efficacit&eacute; des comportements responsables, tout en explorant des solutions d&rsquo;avenir. L&rsquo;AUPS s&rsquo;engagera activement dans cette d&eacute;marche en s&rsquo;appuyant sur des ressources et des soutiens adapt&eacute;s.<\/p><a name=\"zwei\" x-data='{ id: \"zwei\", requested: false }' x-on:scroll.document.passive=\"!requested &amp;&amp; requestAnimationFrame(() =&gt; {\n\t\t\tlet scrollTop = $el.getBoundingClientRect().top;\n\t\t\t$data.scrollPositions.set(id, scrollTop);\n\t\t})\"><\/a><h3>Partenaires du projet<\/h3><div class=\"logos-container\">\n\t<div class=\"logos\" data-style=\"grid\">\n\n\n\n\n\t<a class=\"card is-external logo-card can-hover with-border\" href=\"https:\/\/www.movetia.ch\/fr\/\" target=\"_blank\" rel=\"noopener\">\n\t\t<div class=\"card-inner\">\n\t\t\t\t\t\t<img loading=\"lazy\" decoding=\"async\" width=\"325\" height=\"68\" src=\"https:\/\/up-vhs.ch.ownb.it\/wp-content\/uploads\/Logo_Movetia_RGB_Red_Green-ohne-Zusatz-325x68.jpg\" class=\"attachment-logo size-logo\" alt=\"Movetia\" srcset=\"https:\/\/up-vhs.ch.ownb.it\/wp-content\/uploads\/Logo_Movetia_RGB_Red_Green-ohne-Zusatz-325x68.jpg 325w, https:\/\/up-vhs.ch.ownb.it\/wp-content\/uploads\/Logo_Movetia_RGB_Red_Green-ohne-Zusatz-300x63.jpg 300w, https:\/\/up-vhs.ch.ownb.it\/wp-content\/uploads\/Logo_Movetia_RGB_Red_Green-ohne-Zusatz-768x160.jpg 768w, https:\/\/up-vhs.ch.ownb.it\/wp-content\/uploads\/Logo_Movetia_RGB_Red_Green-ohne-Zusatz-650x136.jpg 650w, https:\/\/up-vhs.ch.ownb.it\/wp-content\/uploads\/Logo_Movetia_RGB_Red_Green-ohne-Zusatz.jpg 862w\" sizes=\"auto, (max-width: 325px) 100vw, 325px\">\n\t\t<\/div>\n\t<\/a>\n\n\t<\/div>\n<\/div>\n\t\t\t<\/div>\n\t\t<\/div>\n\t<\/div>\n<\/div>\n","protected":false},"excerpt":{"rendered":"<p>Formation pour la durabilit\u00e9 Faire d\u00e9filer vers le bas Page d\u2019accueil Projets Formation pour la durabilit\u00e9 Table des mati\u00e8res \u00c9ducation \u00e0 la durabilit\u00e9 Partenaires du projet \u00c9ducation \u00e0 la durabilit\u00e9 Partenaires du projet &Eacute;ducation &agrave; la durabilit&eacute;Durabilit&eacute; : Un concept souvent galvaud&eacute;, suscitant parfois l&rsquo;exasp&eacute;ration face aux avertissements r&eacute;p&eacute;t&eacute;s, aux appels au renoncement et aux [&hellip;]<\/p>\n","protected":false},"author":1,"featured_media":0,"parent":3189,"menu_order":0,"comment_status":"closed","ping_status":"closed","template":"","meta":{"_acf_changed":false,"inline_featured_image":false,"footnotes":""},"class_list":["post-1300","page","type-page","status-publish","hentry"],"acf":[],"_links":{"self":[{"href":"https:\/\/up-vhs.ch.ownb.it\/fr\/wp-json\/wp\/v2\/pages\/1300","targetHints":{"allow":["GET"]}}],"collection":[{"href":"https:\/\/up-vhs.ch.ownb.it\/fr\/wp-json\/wp\/v2\/pages"}],"about":[{"href":"https:\/\/up-vhs.ch.ownb.it\/fr\/wp-json\/wp\/v2\/types\/page"}],"author":[{"embeddable":true,"href":"https:\/\/up-vhs.ch.ownb.it\/fr\/wp-json\/wp\/v2\/users\/1"}],"replies":[{"embeddable":true,"href":"https:\/\/up-vhs.ch.ownb.it\/fr\/wp-json\/wp\/v2\/comments?post=1300"}],"version-history":[{"count":0,"href":"https:\/\/up-vhs.ch.ownb.it\/fr\/wp-json\/wp\/v2\/pages\/1300\/revisions"}],"up":[{"embeddable":true,"href":"https:\/\/up-vhs.ch.ownb.it\/fr\/wp-json\/wp\/v2\/pages\/3189"}],"wp:attachment":[{"href":"https:\/\/up-vhs.ch.ownb.it\/fr\/wp-json\/wp\/v2\/media?parent=1300"}],"curies":[{"name":"wp","href":"https:\/\/api.w.org\/{rel}","templated":true}]}}