{"id":1333,"date":"2024-05-23T16:50:10","date_gmt":"2024-05-23T14:50:10","guid":{"rendered":"https:\/\/up-vhs.ch.ownb.it\/blog\/"},"modified":"2024-11-14T16:45:52","modified_gmt":"2024-11-14T15:45:52","slug":"blog","status":"publish","type":"page","link":"https:\/\/up-vhs.ch.ownb.it\/it\/blog\/","title":{"rendered":"Blog"},"content":{"rendered":"<link data-name=\"until-sm\" rel=\"preload\" as=\"style\" href=\"https:\/\/up-vhs.ch.ownb.it\/wp-content\/uploads\/pexels-david-taljat-3748658-7557856-768x432.jpg\" media=\"(max-width: 767px) and (max-height: 432px) and (max-resolution: 1.999dppx)\">\n<link data-name=\"until-sm@2x\" rel=\"preload\" as=\"style\" href=\"https:\/\/up-vhs.ch.ownb.it\/wp-content\/uploads\/pexels-david-taljat-3748658-7557856-1536x864.jpg\" media=\"(max-width: 767px) and (max-height: 432px) and (min-resolution: 2dppx)\">\n<link data-name=\"until-xl\" rel=\"preload\" as=\"style\" href=\"https:\/\/up-vhs.ch.ownb.it\/wp-content\/uploads\/pexels-david-taljat-3748658-7557856-1400x788.jpg\" media=\"(max-width: 1399px) and (max-height: 787.5px) and (max-resolution: 1.999dppx)\">\n<link data-name=\"until-xl@2x\" rel=\"preload\" as=\"style\" href=\"https:\/\/up-vhs.ch.ownb.it\/wp-content\/uploads\/pexels-david-taljat-3748658-7557856-2800x1576.jpg\" media=\"(max-width: 1399px) and (max-height: 787.5px) and (min-resolution: 2dppx)\">\n<link data-name=\"until-3xl\" rel=\"preload\" as=\"style\" href=\"https:\/\/up-vhs.ch.ownb.it\/wp-content\/uploads\/pexels-david-taljat-3748658-7557856-1900x1069.jpg\" media=\"(max-width: 1899px) and (max-height: 1068.75px) and (max-resolution: 1.999dppx)\">\n<link data-name=\"until-3xl@2x\" rel=\"preload\" as=\"style\" href=\"https:\/\/up-vhs.ch.ownb.it\/wp-content\/uploads\/pexels-david-taljat-3748658-7557856-3800x2138.jpg\" media=\"(max-width: 1899px) and (max-height: 1068.75px) and (min-resolution: 2dppx)\">\n<link data-name=\"full\" rel=\"preload\" as=\"style\" href=\"https:\/\/up-vhs.ch.ownb.it\/wp-content\/uploads\/pexels-david-taljat-3748658-7557856.jpg\" media=\"(min-width: 1900px)\">\n\n<div class=\"hero-section hero-is-image hero-size-default\" style=\"--hero-image-full: url('https:\/\/up-vhs.ch.ownb.it\/wp-content\/uploads\/pexels-david-taljat-3748658-7557856.jpg'); --hero-image-aspect-ratio: 1.4997070884593; --hero-image-preview: url('data:image\/jpeg;base64,\/9j\/4AAQSkZJRgABAQEASABIAAD\/4gxYSUNDX1BST0ZJTEUAAQEAAAxITGlubwIQAABtbnRyUkdCIFhZWiAHzgACAAkABgAxAABhY3NwTVNGVAAAAABJRUMgc1JHQgAAAAAAAAAAAAAAAAAA9tYAAQAAAADTLUhQICAAAAAAAAAAAAAAAAAAAAAAAAAAAAAAAAAAAAAAAAAAAAAAAAAAAAAAAAAAAAAAABFjcHJ0AAABUAAAADNkZXNjAAABhAAAAGx3dHB0AAAB8AAAABRia3B0AAACBAAAABRyWFlaAAACGAAAABRnWFlaAAACLAAAABRiWFlaAAACQAAAABRkbW5kAAACVAAAAHBkbWRkAAACxAAAAIh2dWVkAAADTAAAAIZ2aWV3AAAD1AAAACRsdW1pAAAD+AAAABRtZWFzAAAEDAAAACR0ZWNoAAAEMAAAAAxyVFJDAAAEPAAACAxnVFJDAAAEPAAACAxiVFJDAAAEPAAACAx0ZXh0AAAAAENvcHlyaWdodCAoYykgMTk5OCBIZXdsZXR0LVBhY2thcmQgQ29tcGFueQAAZGVzYwAAAAAAAAASc1JHQiBJRUM2MTk2Ni0yLjEAAAAAAAAAAAAAABJzUkdCIElFQzYxOTY2LTIuMQAAAAAAAAAAAAAAAAAAAAAAAAAAAAAAAAAAAAAAAAAAAAAAAAAAAAAAAAAAAAAAAAAAWFlaIAAAAAAAAPNRAAEAAAABFsxYWVogAAAAAAAAAAAAAAAAAAAAAFhZWiAAAAAAAABvogAAOPUAAAOQWFlaIAAAAAAAAGKZAAC3hQAAGNpYWVogAAAAAAAAJKAAAA+EAAC2z2Rlc2MAAAAAAAAAFklFQyBodHRwOi8vd3d3LmllYy5jaAAAAAAAAAAAAAAAFklFQyBodHRwOi8vd3d3LmllYy5jaAAAAAAAAAAAAAAAAAAAAAAAAAAAAAAAAAAAAAAAAAAAAAAAAAAAAAAAAAAAAABkZXNjAAAAAAAAAC5JRUMgNjE5NjYtMi4xIERlZmF1bHQgUkdCIGNvbG91ciBzcGFjZSAtIHNSR0IAAAAAAAAAAAAAAC5JRUMgNjE5NjYtMi4xIERlZmF1bHQgUkdCIGNvbG91ciBzcGFjZSAtIHNSR0IAAAAAAAAAAAAAAAAAAAAAAAAAAAAAZGVzYwAAAAAAAAAsUmVmZXJlbmNlIFZpZXdpbmcgQ29uZGl0aW9uIGluIElFQzYxOTY2LTIuMQAAAAAAAAAAAAAALFJlZmVyZW5jZSBWaWV3aW5nIENvbmRpdGlvbiBpbiBJRUM2MTk2Ni0yLjEAAAAAAAAAAAAAAAAAAAAAAAAAAAAAAAAAAHZpZXcAAAAAABOk\/gAUXy4AEM8UAAPtzAAEEwsAA1yeAAAAAVhZWiAAAAAAAEwJVgBQAAAAVx\/nbWVhcwAAAAAAAAABAAAAAAAAAAAAAAAAAAAAAAAAAo8AAAACc2lnIAAAAABDUlQgY3VydgAAAAAAAAQAAAAABQAKAA8AFAAZAB4AIwAoAC0AMgA3ADsAQABFAEoATwBUAFkAXgBjAGgAbQByAHcAfACBAIYAiwCQAJUAmgCfAKQAqQCuALIAtwC8AMEAxgDLANAA1QDbAOAA5QDrAPAA9gD7AQEBBwENARMBGQEfASUBKwEyATgBPgFFAUwBUgFZAWABZwFuAXUBfAGDAYsBkgGaAaEBqQGxAbkBwQHJAdEB2QHhAekB8gH6AgMCDAIUAh0CJgIvAjgCQQJLAlQCXQJnAnECegKEAo4CmAKiAqwCtgLBAssC1QLgAusC9QMAAwsDFgMhAy0DOANDA08DWgNmA3IDfgOKA5YDogOuA7oDxwPTA+AD7AP5BAYEEwQgBC0EOwRIBFUEYwRxBH4EjASaBKgEtgTEBNME4QTwBP4FDQUcBSsFOgVJBVgFZwV3BYYFlgWmBbUFxQXVBeUF9gYGBhYGJwY3BkgGWQZqBnsGjAadBq8GwAbRBuMG9QcHBxkHKwc9B08HYQd0B4YHmQesB78H0gflB\/gICwgfCDIIRghaCG4IggiWCKoIvgjSCOcI+wkQCSUJOglPCWQJeQmPCaQJugnPCeUJ+woRCicKPQpUCmoKgQqYCq4KxQrcCvMLCwsiCzkLUQtpC4ALmAuwC8gL4Qv5DBIMKgxDDFwMdQyODKcMwAzZDPMNDQ0mDUANWg10DY4NqQ3DDd4N+A4TDi4OSQ5kDn8Omw62DtIO7g8JDyUPQQ9eD3oPlg+zD88P7BAJECYQQxBhEH4QmxC5ENcQ9RETETERTxFtEYwRqhHJEegSBxImEkUSZBKEEqMSwxLjEwMTIxNDE2MTgxOkE8UT5RQGFCcUSRRqFIsUrRTOFPAVEhU0FVYVeBWbFb0V4BYDFiYWSRZsFo8WshbWFvoXHRdBF2UXiReuF9IX9xgbGEAYZRiKGK8Y1Rj6GSAZRRlrGZEZtxndGgQaKhpRGncanhrFGuwbFBs7G2MbihuyG9ocAhwqHFIcexyjHMwc9R0eHUcdcB2ZHcMd7B4WHkAeah6UHr4e6R8THz4faR+UH78f6iAVIEEgbCCYIMQg8CEcIUghdSGhIc4h+yInIlUigiKvIt0jCiM4I2YjlCPCI\/AkHyRNJHwkqyTaJQklOCVoJZclxyX3JicmVyaHJrcm6CcYJ0kneierJ9woDSg\/KHEooijUKQYpOClrKZ0p0CoCKjUqaCqbKs8rAis2K2krnSvRLAUsOSxuLKIs1y0MLUEtdi2rLeEuFi5MLoIuty7uLyQvWi+RL8cv\/jA1MGwwpDDbMRIxSjGCMbox8jIqMmMymzLUMw0zRjN\/M7gz8TQrNGU0njTYNRM1TTWHNcI1\/TY3NnI2rjbpNyQ3YDecN9c4FDhQOIw4yDkFOUI5fzm8Ofk6Njp0OrI67zstO2s7qjvoPCc8ZTykPOM9Ij1hPaE94D4gPmA+oD7gPyE\/YT+iP+JAI0BkQKZA50EpQWpBrEHuQjBCckK1QvdDOkN9Q8BEA0RHRIpEzkUSRVVFmkXeRiJGZ0arRvBHNUd7R8BIBUhLSJFI10kdSWNJqUnwSjdKfUrESwxLU0uaS+JMKkxyTLpNAk1KTZNN3E4lTm5Ot08AT0lPk0\/dUCdQcVC7UQZRUFGbUeZSMVJ8UsdTE1NfU6pT9lRCVI9U21UoVXVVwlYPVlxWqVb3V0RXklfgWC9YfVjLWRpZaVm4WgdaVlqmWvVbRVuVW+VcNVyGXNZdJ114XcleGl5sXr1fD19hX7NgBWBXYKpg\/GFPYaJh9WJJYpxi8GNDY5dj62RAZJRk6WU9ZZJl52Y9ZpJm6Gc9Z5Nn6Wg\/aJZo7GlDaZpp8WpIap9q92tPa6dr\/2xXbK9tCG1gbbluEm5rbsRvHm94b9FwK3CGcOBxOnGVcfByS3KmcwFzXXO4dBR0cHTMdSh1hXXhdj52m3b4d1Z3s3gReG54zHkqeYl553pGeqV7BHtje8J8IXyBfOF9QX2hfgF+Yn7CfyN\/hH\/lgEeAqIEKgWuBzYIwgpKC9INXg7qEHYSAhOOFR4Wrhg6GcobXhzuHn4gEiGmIzokziZmJ\/opkisqLMIuWi\/yMY4zKjTGNmI3\/jmaOzo82j56QBpBukNaRP5GokhGSepLjk02TtpQglIqU9JVflcmWNJaflwqXdZfgmEyYuJkkmZCZ\/JpomtWbQpuvnByciZz3nWSd0p5Anq6fHZ+Ln\/qgaaDYoUehtqImopajBqN2o+akVqTHpTilqaYapoum\/adup+CoUqjEqTepqaocqo+rAqt1q+msXKzQrUStuK4trqGvFq+LsACwdbDqsWCx1rJLssKzOLOutCW0nLUTtYq2AbZ5tvC3aLfguFm40blKucK6O7q1uy67p7whvJu9Fb2Pvgq+hL7\/v3q\/9cBwwOzBZ8Hjwl\/C28NYw9TEUcTOxUvFyMZGxsPHQce\/yD3IvMk6ybnKOMq3yzbLtsw1zLXNNc21zjbOts83z7jQOdC60TzRvtI\/0sHTRNPG1EnUy9VO1dHWVdbY11zX4Nhk2OjZbNnx2nba+9uA3AXcit0Q3ZbeHN6i3ynfr+A24L3hROHM4lPi2+Nj4+vkc+T85YTmDeaW5x\/nqegy6LzpRunQ6lvq5etw6\/vshu0R7ZzuKO6070DvzPBY8OXxcvH\/8ozzGfOn9DT0wvVQ9d72bfb794r4Gfio+Tj5x\/pX+uf7d\/wH\/Jj9Kf26\/kv+3P9t\/\/\/\/2wBDAAYEBAUEBAYFBQUGBgYHCQ4JCQgICRINDQoOFRIWFhUSFBQXGiEcFxgfGRQUHScdHyIjJSUlFhwpLCgkKyEkJST\/2wBDAQYGBgkICREJCREkGBQYJCQkJCQkJCQkJCQkJCQkJCQkJCQkJCQkJCQkJCQkJCQkJCQkJCQkJCQkJCQkJCQkJCT\/wAARCAAkAEADASIAAhEBAxEB\/8QAGwAAAgMBAQEAAAAAAAAAAAAAAAYDBAUCBwH\/xAA0EAACAQMCBAMFBgcAAAAAAAABAgMABBEFIQYSMVETQXEHI2GBkRQVIiQy0TNCUoKSocH\/xAAYAQADAQEAAAAAAAAAAAAAAAACAwQBBf\/EAB4RAAIDAAIDAQAAAAAAAAAAAAABAgMREjEEIUFR\/9oADAMBAAIRAxEAPwD3+WzR1IMYNY2o6ZaWkMl1cOkMMY5nd9gBSLe+3W4kszdWunQ28D8wR5lZiMeeBXn\/ABBxtf6+zHUNVkuI858NchR\/aNq6cLHHuWEDqcuo6Puse07RrOM\/ddnJeup3d\/dpjv3P+qU772uavcyhIY7W0TIJCJlsepzSxPJZTQc0M3iMjDIbbnO\/QfKurfT7MXzzXT4ULz+ANmfAyQAevpRPyI5umrx5bmDDLx1rzpFcSThXdg6RJOyADO2QCK71T2k61fSfmFiZhHiPmRnAX4d\/U1k61qGlPILJ5ljuIpOUrKvh426AefQVBFpdxco01uhMCv4TMdgpx0PY1G7lJlaq49H244h1C7yskkpVgFIVSNvPbFctqks3IwgnDQj3eB+nHyyakk0WQW88kl0LcwYaRA3Re5Hb1FQWFndX0arBKZogOYeGuSo+O+RWK1fDXBjFb8Sw2thbR29it2xUFjIAQMk9QfhWEtvrEjy6w33dYrgj3aBiF+CjOT0peutO1WWWRjq9uzKuyCfn5Tnrv\/yqVpp3E1rei8WQzgjHKrEL574A7VK7M9MYk\/gz6ZClxDNONXuo3C7xiFYw3w38s1FqGnmWFbgXN3PLE5CeIeckdR2xn6Vzb6pxIWdjJBiQ5MbSlRt06jvV2DVOKhGzC3jwSGINx1x57elLdy\/Q4xJuGdFude1CKZlmVrYNcFZHG4HVQpPmPoKXfCS41q\/l1BZ47SeflVxKFHP\/AEkfOte8uOLp5FeOIwqwyStznbpn51VXQ+JblEiljtpojJzEOWx57bDpS1OPLlyDe5mGg2mWrWZAj1OVWOWQM+GGNjt1HTr2qkbLT7aKeeCyvYJ0XqztGSx7YIz5\/WtSXhSW7uRJeW9nGEh8FPeOzIMHGN\/pntiu7LhqSw0mS3eBZ5F3Vgx99677dM4rZX1p7HsFQm1kipHb89kblpZSS5TkzhQMHy+VXrA\/aZkgf+G8fiEA\/wAwOAaKKRMogvRNAAok6HlYgZGfM\/sK0FAhh\/BtyMAP8c0UVPMYizCwMkgKIf0np3xV9IlFoZAPxEKfng\/tRRSGEiNLeNoWfBDLjcE0W0K\/Z45N+ZnCk565xRRRroE\/\/9k='); --hero-image-until-sm: url('https:\/\/up-vhs.ch.ownb.it\/wp-content\/uploads\/pexels-david-taljat-3748658-7557856-768x432.jpg'); --hero-image-until-sm-2x: url('https:\/\/up-vhs.ch.ownb.it\/wp-content\/uploads\/pexels-david-taljat-3748658-7557856-1536x864.jpg'); --hero-image-until-xl: url('https:\/\/up-vhs.ch.ownb.it\/wp-content\/uploads\/pexels-david-taljat-3748658-7557856-1400x788.jpg'); --hero-image-until-xl-2x: url('https:\/\/up-vhs.ch.ownb.it\/wp-content\/uploads\/pexels-david-taljat-3748658-7557856-2800x1576.jpg'); --hero-image-until-3xl: url('https:\/\/up-vhs.ch.ownb.it\/wp-content\/uploads\/pexels-david-taljat-3748658-7557856-1900x1069.jpg'); --hero-image-until-3xl-2x: url('https:\/\/up-vhs.ch.ownb.it\/wp-content\/uploads\/pexels-david-taljat-3748658-7557856-3800x2138.jpg'); --hero-image-position: 50% 50%\"\n>\n\t<div class=\"hero-media\">\n\t\t\t<div class=\"hero-logo-overlay-container\">\n\t\t\t\t<svg class=\"hero-logo-overlay-mask\" aria-hidden=\"true\" focusable=\"false\" width=\"576\" height=\"576\" viewBox=\"0 0 576 576\" fill=\"none\" xmlns=\"http:\/\/www.w3.org\/2000\/svg\">\n\t\t\t\t\t<defs>\n\t\t\t\t\t\t<clipPath id=\"overlay-logo-13ce44d11-b28b-4fd4-9a7e-c5b136305782\" clipPathUnits=\"objectBoundingBox\">\n\t\t\t\t\t\t\t<path d=\"M0 1c.55229167 0 1-.44770833 1-1H.71875v.00223958c0 .3974132-.32159722.7197743-.71875.72097223V1Z\"><\/path>\n\t\t\t\t\t\t<\/clipPath>\n\t\t\t\t\t<\/defs>\n\t\t\t\t<\/svg>\n\t\t\t\t<div class=\"hero-logo-overlay hero-logo-overlay-1\" style=\"--width: 576px; --aspect-ratio: 576 \/ 576; --url: url(#overlay-logo-13ce44d11-b28b-4fd4-9a7e-c5b136305782)\"><\/div>\n\n\t\t\t\t<svg class=\"hero-logo-overlay-mask\" aria-hidden=\"true\" focusable=\"false\" width=\"906\" height=\"906\" viewBox=\"0 0 906 906\" xmlns=\"http:\/\/www.w3.org\/2000\/svg\">\n\t\t\t\t\t<defs>\n\t\t\t\t\t\t<clipPath id=\"overlay-logo-23ce44d11-b28b-4fd4-9a7e-c5b136305782\" clipPathUnits=\"objectBoundingBox\">\n\t\t\t\t\t\t\t<path d=\"M1 0C.44771523 0 0 .44771523 0 1h.28125386C.28125166.99925607.28124945.99851214.28124945.99776821c0-.3974437.3215894-.71977594.71875055-.72097903V0Z\"><\/path>\n\t\t\t\t\t\t<\/clipPath>\n\t\t\t\t\t<\/defs>\n\t\t\t\t<\/svg>\n\t\t\t\t<div class=\"hero-logo-overlay hero-logo-overlay-2\" style=\"--width: 906px; --aspect-ratio: 906 \/ 906; --url: url(#overlay-logo-23ce44d11-b28b-4fd4-9a7e-c5b136305782)\"><\/div>\n\t\t\t<\/div>\n\n\t\t<div class=\"hero-content-wrapper\">\n\t\t\t<div class=\"hero-content\">\n\t\t\t\t<h1 class=\"hero-title\">\n\t\t\t\t\t<span class=\"headline-bg-wrapper-ghost\" aria-hidden=\"true\" data-content=\"Blog\"><\/span><span class=\"headline-bg-wrapper\">Blog<\/span>\n\t\t\t\t<\/h1>\n\t\t\t<\/div>\n\t\t<\/div>\n\t\t<div class=\"hero-scroll-indicator-wrapper\">\n\t\t\t<button class=\"hero-scroll-indicator\" aria-hidden=\"true\" tabindex=\"-1\">\n\t\t\t\t<svg aria-hidden=\"true\" focusable=\"false\" width=\"22\" height=\"24\" viewBox=\"0 0 22 24\" xmlns=\"http:\/\/www.w3.org\/2000\/svg\"><path d=\"m21.248 13.493-7.938 9.352a3.275 3.275 0 0 1-4.993 0L.378 13.493a1.606 1.606 0 1 1 2.457-2.07l6.373 7.505V1.605a1.605 1.605 0 0 1 3.21 0v17.323l6.35-7.506a1.616 1.616 0 1 1 2.48 2.071Z\" fill=\"currentColor\" fill-rule=\"nonzero\"><\/path><\/svg>\n\n\t\t\t\t<span class=\"sr-only\">Scorri gi\u00f9<\/span>\n\t\t\t<\/button>\n\t\t<\/div>\n\t\t<div class=\"hero-preview-wrapper loading\"><div class=\"hero-preview\"><\/div><\/div>\n\t\t<svg width=\"0\" height=\"0\" xmlns=\"http:\/\/www.w3.org\/2000\/svg\" version=\"1.1\">\n\t\t\t<defs>\n\t\t\t\t<filter id=\"goo\">\n\t\t\t\t<feGaussianBlur in=\"SourceGraphic\" stdDeviation=\"5\" result=\"blur\"><\/feGaussianBlur>\n\t\t\t\t<feColorMatrix in=\"blur\" mode=\"matrix\" values=\"1 0 0 0 0  0 1 0 0 0  0 0 1 0 0  0 0 0 19 -9\" result=\"goo\"><\/feColorMatrix>\n\t\t\t\t<feComposite in=\"SourceGraphic\" in2=\"goo\" operator=\"atop\"><\/feComposite>\n\t\t\t\t<\/filter>\n\t\t\t<\/defs>\n\t\t<\/svg>\n\t<\/div>\n<\/div>\n<script>\nwindow.heroPageLoadTimestamp = Date.now()\n\n;(() => {\nconst previewElement = document.currentScript.previousElementSibling.querySelector('.hero-preview-wrapper')\nconst mediaElement = previewElement.closest('.hero-media')\nconst getUrl = () => getComputedStyle(mediaElement).backgroundImage\n\t.match(\/url\\(([\"']?)([^'\"]*?)\\1\\)\/)?.[2] ?? undefined\n\nlet isInitialLoad = true\nlet currentUrl = getUrl()\n\nconst reactToUrl = url => {\n\tif (!url) return\n\n\tpreviewElement.classList.add('loading')\n\n\tconst start = isInitialLoad ? window.heroPageLoadTimestamp : Date.now()\n\tconst image = new Image()\n\timage.src = url\n\timage.onload = () => {\n\t\tconst end = Date.now()\n\t\tconst duration = end - start\n\n\t\tlet loadingSpeed = 'instant'\n\t\tif (duration > 500) {\n\t\t\tloadingSpeed = 'fast'\n\t\t}\n\t\tif (duration > 1_500) {\n\t\t\tloadingSpeed = 'medium'\n\t\t}\n\t\tif (duration > 3_000) {\n\t\t\tloadingSpeed = 'slow'\n\t\t}\n\n\t\tpreviewElement.dataset.loadingSpeed = loadingSpeed\n\t\tpreviewElement.classList.remove('loading')\n\t}\n\n\tisInitialLoad = false\n}\nreactToUrl(currentUrl)\n\nconst observer = new ResizeObserver(() => {\n\tconst newUrl = getUrl()\n\tif (currentUrl !== newUrl) {\n\t\tcurrentUrl = newUrl\n\t\treactToUrl(currentUrl)\n\t}\n})\nobserver.observe(mediaElement)\n})()\n<\/script>\n<div class=\"breadcrumb-container\">\n\t<div class=\"container\">\n\t\t<nav class=\"breadcrumb\" aria-label=\"Breadcrumb\">\n\t\t\t<ol>\n\t\t\t\t<li>\n\t\t\t\t\t<a href=\"https:\/\/up-vhs.ch.ownb.it\/it\/\" class=\"breadcrumb-link\">Pagina iniziale<\/a>\n\t\t\t\t<\/li>\n\t\t\t\t<li>\n\t\t\t\t\t<a href=\"https:\/\/up-vhs.ch.ownb.it\/it\/blog\/\" class=\"breadcrumb-link\" aria-current=\"page\">Blog<\/a>\n\t\t\t\t<\/li>\n\t\t\t<\/ol>\n\t\t<\/nav>\n\t<\/div>\n<\/div>\n<div  class=\"page-section align-default\">\n\t<div\n\t\tclass=\"section-grid grid-layout container\"\n\t\tdata-cqw-container=\"section\"\n\t><div  style=\"--grid-layout-index: 1; --col-xs: 12; --col-sm: 12; --col-md: 12; --col-lg: 12; --col-xl: 12\" class=\"section-item layout-default layout-margin-default\" data-cqw-container=\"column\">\n\t<div class=\"column-content\" data-cqw-query=\"column\/99 column\/lt:99\">\n\t\t\n<div class=\"blog-grid-wrapper\" x-data x-intercept=\"{&quot;endpoint&quot;:&quot;wpce\\\/v1\\\/node\\\/18f6b42c-7bed-467f-a2eb-3fb5e01413ee\\\/render&quot;}\"\n\t@after-intercept=\"\n\tif ($el.getBoundingClientRect().top < 0) $el.scrollIntoView({\n\t\tbehavior: 'smooth'\n\t})\n\t\"\n>\n\t<div class=\"blog-grid-header\">\n\t\t<div>\n\t\t\t<h2>Notizie e fatti interessanti<\/h2>\n\t\t<\/div>\n\n\t<\/div>\n\n\t<div class=\"grid-layout blog-grid\">\n\n\n\n\n\n\n\n\n<div class=\"card-wrapper\">\n\t<div class=\"card blog-post-box\"\n\t\t\n\t>\n\t\t<div class=\"card-image\">\t\t\t\t\t\t<a href=\"https:\/\/up-vhs.ch.ownb.it\/fr\/quest-un-senior-revue-du-colloque-de-lalliance-formation-65\/\">\n<img loading=\"lazy\" decoding=\"async\" width=\"416\" height=\"240\" src=\"https:\/\/up-vhs.ch.ownb.it\/wp-content\/uploads\/Tagung-65-416x240.jpg\" class=\"attachment-blog-post-box-image size-blog-post-box-image wp-post-image\" alt=\"Flipchart Tagung 65+ nov 2024\" srcset=\"https:\/\/up-vhs.ch.ownb.it\/wp-content\/uploads\/Tagung-65-416x240.jpg 416w, https:\/\/up-vhs.ch.ownb.it\/wp-content\/uploads\/Tagung-65-832x480.jpg 832w\" sizes=\"auto, (max-width: 416px) 100vw, 416px\" \/>\t\t\t\t\t\t<\/a>\n<\/div>\n\t\t<div class=\"card-inner\">\n\t\t\t\t\t<div class=\"blog-post-header\">\n\t\t\t\t\t\t<time class=\"blog-post-time\" datetime=\"2024-11-14T13:22:44+01:00\">\n\t\t\t\t\t\t\t14. Novembre 2024\n\t\t\t\t\t\t<\/time>\n\t\t\t\t\t\t\t<span class=\"tag\">Non classifi\u00e9(e)<\/span>\n\t\t\t\t\t<\/div>\n\t\t\t\t\t<h3 class=\"blog-post-title\">\n\t\t\t\t\t\t<a href=\"https:\/\/up-vhs.ch.ownb.it\/fr\/quest-un-senior-revue-du-colloque-de-lalliance-formation-65\/\">Qu\u2019est un s\u00e9nior? Revue du colloque de l\u2019Alliance Formation 65+<\/a>\n\t\t\t\t\t<\/h3>\n\t\t\t\t\t<a href=\"https:\/\/up-vhs.ch.ownb.it\/fr\/quest-un-senior-revue-du-colloque-de-lalliance-formation-65\/\" class=\"blog-post-more button style-text with-arrow\">\n\t\t\t\t\t\tLeggi di pi\u00f9\n\t\t\t\t\t<\/a>\n\t\t<\/div>\n\t<\/div>\n<\/div>\n\n\n\n\n<div class=\"card-wrapper\">\n\t<div class=\"card blog-post-box\"\n\t\t\n\t>\n\t\t<div class=\"card-image\">\t\t\t\t\t\t<a href=\"https:\/\/up-vhs.ch.ownb.it\/fr\/70-jahre-bildung-fuer-alle-in-thun\/\">\n<img loading=\"lazy\" decoding=\"async\" width=\"416\" height=\"240\" src=\"https:\/\/up-vhs.ch.ownb.it\/wp-content\/uploads\/2024_1016-Bild-70-Jahre-Thun-1-416x240.jpg\" class=\"attachment-blog-post-box-image size-blog-post-box-image wp-post-image\" alt=\"2024_1016 Bild 70 Jahre Thun 1\" srcset=\"https:\/\/up-vhs.ch.ownb.it\/wp-content\/uploads\/2024_1016-Bild-70-Jahre-Thun-1-416x240.jpg 416w, https:\/\/up-vhs.ch.ownb.it\/wp-content\/uploads\/2024_1016-Bild-70-Jahre-Thun-1-832x480.jpg 832w\" sizes=\"auto, (max-width: 416px) 100vw, 416px\" \/>\t\t\t\t\t\t<\/a>\n<\/div>\n\t\t<div class=\"card-inner\">\n\t\t\t\t\t<div class=\"blog-post-header\">\n\t\t\t\t\t\t<time class=\"blog-post-time\" datetime=\"2024-10-24T16:43:39+02:00\">\n\t\t\t\t\t\t\t24. Ottobre 2024\n\t\t\t\t\t\t<\/time>\n\t\t\t\t\t\t\t<span class=\"tag\">Non classifi\u00e9(e)<\/span>\n\t\t\t\t\t<\/div>\n\t\t\t\t\t<h3 class=\"blog-post-title\">\n\t\t\t\t\t\t<a href=\"https:\/\/up-vhs.ch.ownb.it\/fr\/70-jahre-bildung-fuer-alle-in-thun\/\">70 ans de formation pour tous \u2013 \u00e0 Thoune<\/a>\n\t\t\t\t\t<\/h3>\n\t\t\t\t\t<a href=\"https:\/\/up-vhs.ch.ownb.it\/fr\/70-jahre-bildung-fuer-alle-in-thun\/\" class=\"blog-post-more button style-text with-arrow\">\n\t\t\t\t\t\tLeggi di pi\u00f9\n\t\t\t\t\t<\/a>\n\t\t<\/div>\n\t<\/div>\n<\/div>\n\n\n\n\n<div class=\"card-wrapper\">\n\t<div class=\"card blog-post-box\"\n\t\t\n\t>\n\t\t<div class=\"card-image\">\t\t\t\t\t\t<a href=\"https:\/\/up-vhs.ch.ownb.it\/fr\/intelligence-artificielle-vs-intelligence-sociale\/\">\n<img loading=\"lazy\" decoding=\"async\" width=\"416\" height=\"240\" src=\"https:\/\/up-vhs.ch.ownb.it\/wp-content\/uploads\/2024_0928-TD-Day-KI-416x240.jpg\" class=\"attachment-blog-post-box-image size-blog-post-box-image wp-post-image\" alt=\"\" srcset=\"https:\/\/up-vhs.ch.ownb.it\/wp-content\/uploads\/2024_0928-TD-Day-KI-416x240.jpg 416w, https:\/\/up-vhs.ch.ownb.it\/wp-content\/uploads\/2024_0928-TD-Day-KI-832x480.jpg 832w\" sizes=\"auto, (max-width: 416px) 100vw, 416px\" \/>\t\t\t\t\t\t<\/a>\n<\/div>\n\t\t<div class=\"card-inner\">\n\t\t\t\t\t<div class=\"blog-post-header\">\n\t\t\t\t\t\t<time class=\"blog-post-time\" datetime=\"2024-10-23T09:51:21+02:00\">\n\t\t\t\t\t\t\t23. Ottobre 2024\n\t\t\t\t\t\t<\/time>\n\t\t\t\t\t\t\t<span class=\"tag\">Nouveaut\u00e9s<\/span>\n\t\t\t\t\t<\/div>\n\t\t\t\t\t<h3 class=\"blog-post-title\">\n\t\t\t\t\t\t<a href=\"https:\/\/up-vhs.ch.ownb.it\/fr\/intelligence-artificielle-vs-intelligence-sociale\/\">Intelligence artificielle vs intelligence sociale<\/a>\n\t\t\t\t\t<\/h3>\n\t\t\t\t\t<div class=\"blog-post-excerpt\">La r\u00e9volution de l\u2019IA dans la formation des adultes \u2013 entre bond en efficacit\u00e9 et \u00e9thique<\/div>\n\t\t\t\t\t<a href=\"https:\/\/up-vhs.ch.ownb.it\/fr\/intelligence-artificielle-vs-intelligence-sociale\/\" class=\"blog-post-more button style-text with-arrow\">\n\t\t\t\t\t\tLeggi di pi\u00f9\n\t\t\t\t\t<\/a>\n\t\t<\/div>\n\t<\/div>\n<\/div>\n\n\n\n\n<div class=\"card-wrapper\">\n\t<div class=\"card blog-post-box\"\n\t\t\n\t>\n\t\t<div class=\"card-image\">\t\t\t\t\t\t<a href=\"https:\/\/up-vhs.ch.ownb.it\/fr\/lup-interlaken-et-environs-fete-ses-80-ans\/\">\n<img loading=\"lazy\" decoding=\"async\" width=\"416\" height=\"240\" src=\"https:\/\/up-vhs.ch.ownb.it\/wp-content\/uploads\/2024_0914-Bild-80-Jahre-VHS-Interlaken-8-scaled-1-416x240.jpg\" class=\"attachment-blog-post-box-image size-blog-post-box-image wp-post-image\" alt=\"\" srcset=\"https:\/\/up-vhs.ch.ownb.it\/wp-content\/uploads\/2024_0914-Bild-80-Jahre-VHS-Interlaken-8-scaled-1-416x240.jpg 416w, https:\/\/up-vhs.ch.ownb.it\/wp-content\/uploads\/2024_0914-Bild-80-Jahre-VHS-Interlaken-8-scaled-1-832x480.jpg 832w\" sizes=\"auto, (max-width: 416px) 100vw, 416px\" \/>\t\t\t\t\t\t<\/a>\n<\/div>\n\t\t<div class=\"card-inner\">\n\t\t\t\t\t<div class=\"blog-post-header\">\n\t\t\t\t\t\t<time class=\"blog-post-time\" datetime=\"2024-09-19T15:28:31+02:00\">\n\t\t\t\t\t\t\t19. Settembre 2024\n\t\t\t\t\t\t<\/time>\n\t\t\t\t\t\t\t<span class=\"tag\">Nouveaut\u00e9s<\/span>\n\t\t\t\t\t<\/div>\n\t\t\t\t\t<h3 class=\"blog-post-title\">\n\t\t\t\t\t\t<a href=\"https:\/\/up-vhs.ch.ownb.it\/fr\/lup-interlaken-et-environs-fete-ses-80-ans\/\">L\u2019UP Interlaken et environs f\u00eate ses 80 ans<\/a>\n\t\t\t\t\t<\/h3>\n\t\t\t\t\t<div class=\"blog-post-excerpt\">Ce 14 septembre l\u2019Universit\u00e9 populaire Interlaken et environs a f\u00eat\u00e9 ses 80 ans.<\/div>\n\t\t\t\t\t<a href=\"https:\/\/up-vhs.ch.ownb.it\/fr\/lup-interlaken-et-environs-fete-ses-80-ans\/\" class=\"blog-post-more button style-text with-arrow\">\n\t\t\t\t\t\tLeggi di pi\u00f9\n\t\t\t\t\t<\/a>\n\t\t<\/div>\n\t<\/div>\n<\/div>\n\n\n\n\n<div class=\"card-wrapper\">\n\t<div class=\"card blog-post-box\"\n\t\t\n\t>\n\t\t<div class=\"card-image\">\t\t\t\t\t\t<a href=\"https:\/\/up-vhs.ch.ownb.it\/fr\/intelligence-artificielle-langue-des-signes-competences-de-base-et-plus\/\">\n<img loading=\"lazy\" decoding=\"async\" width=\"416\" height=\"240\" src=\"https:\/\/up-vhs.ch.ownb.it\/wp-content\/uploads\/Sans-titre-2-416x240.jpg\" class=\"attachment-blog-post-box-image size-blog-post-box-image wp-post-image\" alt=\"\" srcset=\"https:\/\/up-vhs.ch.ownb.it\/wp-content\/uploads\/Sans-titre-2-416x240.jpg 416w, https:\/\/up-vhs.ch.ownb.it\/wp-content\/uploads\/Sans-titre-2-832x480.jpg 832w\" sizes=\"auto, (max-width: 416px) 100vw, 416px\" \/>\t\t\t\t\t\t<\/a>\n<\/div>\n\t\t<div class=\"card-inner\">\n\t\t\t\t\t<div class=\"blog-post-header\">\n\t\t\t\t\t\t<time class=\"blog-post-time\" datetime=\"2024-07-01T11:47:18+02:00\">\n\t\t\t\t\t\t\t01. Luglio 2024\n\t\t\t\t\t\t<\/time>\n\t\t\t\t\t\t\t<span class=\"tag\">Nouveaut\u00e9s<\/span>\n\t\t\t\t\t<\/div>\n\t\t\t\t\t<h3 class=\"blog-post-title\">\n\t\t\t\t\t\t<a href=\"https:\/\/up-vhs.ch.ownb.it\/fr\/intelligence-artificielle-langue-des-signes-competences-de-base-et-plus\/\">Intelligence artificielle, langue des signes, comp\u00e9tences de base et plus<\/a>\n\t\t\t\t\t<\/h3>\n\t\t\t\t\t<div class=\"blog-post-excerpt\">Le programme  d\u2019automne de l\u2019AUPS pour les enseignant.e.s<\/div>\n\t\t\t\t\t<a href=\"https:\/\/up-vhs.ch.ownb.it\/fr\/intelligence-artificielle-langue-des-signes-competences-de-base-et-plus\/\" class=\"blog-post-more button style-text with-arrow\">\n\t\t\t\t\t\tLeggi di pi\u00f9\n\t\t\t\t\t<\/a>\n\t\t<\/div>\n\t<\/div>\n<\/div>\n\t<\/div>\n\n\t<div class=\"blog-grid-controls\">\n<div class=\"page-nav\"><\/div>\t<\/div>\n<\/div>\n\n\t<\/div>\n<\/div><\/div>\n<\/div>","protected":false},"excerpt":{"rendered":"<p>Blog Scorri gi\u00f9 Pagina iniziale Blog Notizie e fatti interessanti 14. Novembre 2024 Non classifi\u00e9(e) Qu\u2019est un s\u00e9nior? Revue du colloque de l\u2019Alliance Formation 65+ Leggi di pi\u00f9 24. Ottobre 2024 Non classifi\u00e9(e) 70 ans de formation pour tous \u2013 \u00e0 Thoune Leggi di pi\u00f9 23. Ottobre 2024 Nouveaut\u00e9s Intelligence artificielle vs intelligence sociale La [&hellip;]<\/p>\n","protected":false},"author":1,"featured_media":0,"parent":0,"menu_order":0,"comment_status":"closed","ping_status":"closed","template":"","meta":{"_acf_changed":false,"inline_featured_image":false,"footnotes":""},"class_list":["post-1333","page","type-page","status-publish","hentry"],"acf":[],"_links":{"self":[{"href":"https:\/\/up-vhs.ch.ownb.it\/it\/wp-json\/wp\/v2\/pages\/1333","targetHints":{"allow":["GET"]}}],"collection":[{"href":"https:\/\/up-vhs.ch.ownb.it\/it\/wp-json\/wp\/v2\/pages"}],"about":[{"href":"https:\/\/up-vhs.ch.ownb.it\/it\/wp-json\/wp\/v2\/types\/page"}],"author":[{"embeddable":true,"href":"https:\/\/up-vhs.ch.ownb.it\/it\/wp-json\/wp\/v2\/users\/1"}],"replies":[{"embeddable":true,"href":"https:\/\/up-vhs.ch.ownb.it\/it\/wp-json\/wp\/v2\/comments?post=1333"}],"version-history":[{"count":0,"href":"https:\/\/up-vhs.ch.ownb.it\/it\/wp-json\/wp\/v2\/pages\/1333\/revisions"}],"wp:attachment":[{"href":"https:\/\/up-vhs.ch.ownb.it\/it\/wp-json\/wp\/v2\/media?parent=1333"}],"curies":[{"name":"wp","href":"https:\/\/api.w.org\/{rel}","templated":true}]}}