{"id":1335,"date":"2022-08-02T14:31:27","date_gmt":"2022-08-02T12:31:27","guid":{"rendered":"https:\/\/up-vhs.ch.ownb.it\/impressum\/"},"modified":"2024-11-14T17:02:51","modified_gmt":"2024-11-14T16:02:51","slug":"impronta","status":"publish","type":"page","link":"https:\/\/up-vhs.ch.ownb.it\/it\/impronta\/","title":{"rendered":"Impronta"},"content":{"rendered":"<div  class=\"page-section align-default\">\n\t<div\n\t\tclass=\"section-grid grid-layout container\"\n\t\tdata-cqw-container=\"section\"\n\t><div  style=\"--grid-layout-index: 1; --col-xs: 12; --col-sm: 12; --col-md: 12; --col-lg: 12; --col-xl: 12\" class=\"section-item layout-default layout-margin-default\" data-cqw-container=\"column\">\n\t<div class=\"column-content\" data-cqw-query=\"column\/99 column\/lt:99\">\n\t\t<h1>Impronta<\/h1>\n<h2>Indirizzo postale<\/h2>\n<p>Associazione dei centri svizzeri per l&#8217;educazione degli adulti<br \/>\nAssociazione delle Universit\u00e0 Popolari Svizzere<br \/>\nHohlstr. 290<br \/>\n8004 Zurigo<\/p>\n\n<h2>Realizzazione<\/h2>\n\n\n\t<a href=\"https:\/\/ownbit.agency\/\" target=\"_blank\" rel=\"noopener\">\n\n\t\t\t\t\t\t\t\t<img loading=\"lazy\" decoding=\"async\" width=\"300\" height=\"73\" src=\"https:\/\/up-vhs.ch.ownb.it\/wp-content\/uploads\/ownbit-webdesign.svg\" class=\"wpce-image\" alt=\"\" \/>\n\n\t<\/a>\n\n\n<p><a href=\"https:\/\/ownbit.agency\">Concetto, web design e sviluppo web di OWNBIT GmbH<\/a><\/p>\n\n<h2>Esclusione di responsabilit\u00e0<\/h2>\n<p>Non ci assumiamo alcuna responsabilit\u00e0 per la correttezza, l&#8217;esattezza, l&#8217;attualit\u00e0, l&#8217;affidabilit\u00e0 e la completezza delle informazioni fornite. Sono escluse le richieste di responsabilit\u00e0 nei nostri confronti per danni di natura materiale o immateriale derivanti dall&#8217;accesso, dall&#8217;utilizzo o dal mancato utilizzo delle informazioni pubblicate, dall&#8217;uso improprio del collegamento o da guasti tecnici. Tutte le offerte non sono vincolanti. L&#8217;autore si riserva espressamente il diritto di modificare, integrare o cancellare parti delle pagine o l&#8217;intera offerta senza preavviso o di interrompere temporaneamente o definitivamente la pubblicazione.<\/p>\n\n<h2>Responsabilit\u00e0 per i link<\/h2>\n<p>I riferimenti e i link a siti web di terzi non rientrano nella nostra sfera di responsabilit\u00e0. Si declina ogni responsabilit\u00e0 per tali siti web. L&#8217;accesso e l&#8217;utilizzo di tali siti web \u00e8 a rischio e pericolo dell&#8217;utente.<\/p>\n\n<h2>Diritti d&#8217;autore<\/h2>\n<p>I diritti d&#8217;autore e tutti gli altri diritti su contenuti, immagini, foto o altri file presenti sul sito web appartengono a e o ai rispettivi titolari dei diritti. Per la riproduzione di qualsiasi elemento \u00e8 necessario ottenere preventivamente il consenso scritto del titolare del copyright.<\/p>\n\n\t<\/div>\n<\/div><\/div>\n<\/div>","protected":false},"excerpt":{"rendered":"<p>Impronta Indirizzo postale Associazione dei centri svizzeri per l&#8217;educazione degli adulti Associazione delle Universit\u00e0 Popolari Svizzere Hohlstr. 290 8004 Zurigo Realizzazione Concetto, web design e sviluppo web di OWNBIT GmbH Esclusione di responsabilit\u00e0 Non ci assumiamo alcuna responsabilit\u00e0 per la correttezza, l&#8217;esattezza, l&#8217;attualit\u00e0, l&#8217;affidabilit\u00e0 e la completezza delle informazioni fornite. Sono escluse le richieste di [&hellip;]<\/p>\n","protected":false},"author":1,"featured_media":0,"parent":0,"menu_order":0,"comment_status":"closed","ping_status":"closed","template":"","meta":{"_acf_changed":false,"inline_featured_image":false,"footnotes":""},"class_list":["post-1335","page","type-page","status-publish","hentry"],"acf":[],"_links":{"self":[{"href":"https:\/\/up-vhs.ch.ownb.it\/it\/wp-json\/wp\/v2\/pages\/1335","targetHints":{"allow":["GET"]}}],"collection":[{"href":"https:\/\/up-vhs.ch.ownb.it\/it\/wp-json\/wp\/v2\/pages"}],"about":[{"href":"https:\/\/up-vhs.ch.ownb.it\/it\/wp-json\/wp\/v2\/types\/page"}],"author":[{"embeddable":true,"href":"https:\/\/up-vhs.ch.ownb.it\/it\/wp-json\/wp\/v2\/users\/1"}],"replies":[{"embeddable":true,"href":"https:\/\/up-vhs.ch.ownb.it\/it\/wp-json\/wp\/v2\/comments?post=1335"}],"version-history":[{"count":0,"href":"https:\/\/up-vhs.ch.ownb.it\/it\/wp-json\/wp\/v2\/pages\/1335\/revisions"}],"wp:attachment":[{"href":"https:\/\/up-vhs.ch.ownb.it\/it\/wp-json\/wp\/v2\/media?parent=1335"}],"curies":[{"name":"wp","href":"https:\/\/api.w.org\/{rel}","templated":true}]}}