{"id":1337,"date":"2022-08-02T14:33:00","date_gmt":"2022-08-02T12:33:00","guid":{"rendered":"https:\/\/up-vhs.ch.ownb.it\/kontakt\/"},"modified":"2024-11-15T09:18:10","modified_gmt":"2024-11-15T08:18:10","slug":"kontakt","status":"publish","type":"page","link":"https:\/\/up-vhs.ch.ownb.it\/it\/kontakt\/","title":{"rendered":"Contatto"},"content":{"rendered":"<link data-name=\"until-sm\" rel=\"preload\" as=\"style\" href=\"https:\/\/up-vhs.ch.ownb.it\/wp-content\/uploads\/pexels-jose-rodriguez-ortega-2189823-13963237-768x432.jpg\" media=\"(max-width: 767px) and (max-height: 432px) and (max-resolution: 1.999dppx)\">\n<link data-name=\"until-sm@2x\" rel=\"preload\" as=\"style\" href=\"https:\/\/up-vhs.ch.ownb.it\/wp-content\/uploads\/pexels-jose-rodriguez-ortega-2189823-13963237-1536x864.jpg\" media=\"(max-width: 767px) and (max-height: 432px) and (min-resolution: 2dppx)\">\n<link data-name=\"until-xl\" rel=\"preload\" as=\"style\" href=\"https:\/\/up-vhs.ch.ownb.it\/wp-content\/uploads\/pexels-jose-rodriguez-ortega-2189823-13963237-1400x788.jpg\" media=\"(max-width: 1399px) and (max-height: 787.5px) and (max-resolution: 1.999dppx)\">\n<link data-name=\"until-xl@2x\" rel=\"preload\" as=\"style\" href=\"https:\/\/up-vhs.ch.ownb.it\/wp-content\/uploads\/pexels-jose-rodriguez-ortega-2189823-13963237-2800x1576.jpg\" media=\"(max-width: 1399px) and (max-height: 787.5px) and (min-resolution: 2dppx)\">\n<link data-name=\"until-3xl\" rel=\"preload\" as=\"style\" href=\"https:\/\/up-vhs.ch.ownb.it\/wp-content\/uploads\/pexels-jose-rodriguez-ortega-2189823-13963237-1900x1069.jpg\" media=\"(max-width: 1899px) and (max-height: 1068.75px) and (max-resolution: 1.999dppx)\">\n<link data-name=\"until-3xl@2x\" rel=\"preload\" as=\"style\" href=\"https:\/\/up-vhs.ch.ownb.it\/wp-content\/uploads\/pexels-jose-rodriguez-ortega-2189823-13963237-3800x2138.jpg\" media=\"(max-width: 1899px) and (max-height: 1068.75px) and (min-resolution: 2dppx)\">\n<link data-name=\"full\" rel=\"preload\" as=\"style\" href=\"https:\/\/up-vhs.ch.ownb.it\/wp-content\/uploads\/pexels-jose-rodriguez-ortega-2189823-13963237.jpg\" media=\"(min-width: 1900px)\">\n\n<div class=\"hero-section hero-is-image hero-size-default\" style=\"--hero-image-full: url('https:\/\/up-vhs.ch.ownb.it\/wp-content\/uploads\/pexels-jose-rodriguez-ortega-2189823-13963237.jpg'); --hero-image-aspect-ratio: 1.5005861664713; --hero-image-preview: url('data:image\/jpeg;base64,\/9j\/4AAQSkZJRgABAQEASABIAAD\/4gxYSUNDX1BST0ZJTEUAAQEAAAxITGlubwIQAABtbnRyUkdCIFhZWiAHzgACAAkABgAxAABhY3NwTVNGVAAAAABJRUMgc1JHQgAAAAAAAAAAAAAAAAAA9tYAAQAAAADTLUhQICAAAAAAAAAAAAAAAAAAAAAAAAAAAAAAAAAAAAAAAAAAAAAAAAAAAAAAAAAAAAAAABFjcHJ0AAABUAAAADNkZXNjAAABhAAAAGx3dHB0AAAB8AAAABRia3B0AAACBAAAABRyWFlaAAACGAAAABRnWFlaAAACLAAAABRiWFlaAAACQAAAABRkbW5kAAACVAAAAHBkbWRkAAACxAAAAIh2dWVkAAADTAAAAIZ2aWV3AAAD1AAAACRsdW1pAAAD+AAAABRtZWFzAAAEDAAAACR0ZWNoAAAEMAAAAAxyVFJDAAAEPAAACAxnVFJDAAAEPAAACAxiVFJDAAAEPAAACAx0ZXh0AAAAAENvcHlyaWdodCAoYykgMTk5OCBIZXdsZXR0LVBhY2thcmQgQ29tcGFueQAAZGVzYwAAAAAAAAASc1JHQiBJRUM2MTk2Ni0yLjEAAAAAAAAAAAAAABJzUkdCIElFQzYxOTY2LTIuMQAAAAAAAAAAAAAAAAAAAAAAAAAAAAAAAAAAAAAAAAAAAAAAAAAAAAAAAAAAAAAAAAAAWFlaIAAAAAAAAPNRAAEAAAABFsxYWVogAAAAAAAAAAAAAAAAAAAAAFhZWiAAAAAAAABvogAAOPUAAAOQWFlaIAAAAAAAAGKZAAC3hQAAGNpYWVogAAAAAAAAJKAAAA+EAAC2z2Rlc2MAAAAAAAAAFklFQyBodHRwOi8vd3d3LmllYy5jaAAAAAAAAAAAAAAAFklFQyBodHRwOi8vd3d3LmllYy5jaAAAAAAAAAAAAAAAAAAAAAAAAAAAAAAAAAAAAAAAAAAAAAAAAAAAAAAAAAAAAABkZXNjAAAAAAAAAC5JRUMgNjE5NjYtMi4xIERlZmF1bHQgUkdCIGNvbG91ciBzcGFjZSAtIHNSR0IAAAAAAAAAAAAAAC5JRUMgNjE5NjYtMi4xIERlZmF1bHQgUkdCIGNvbG91ciBzcGFjZSAtIHNSR0IAAAAAAAAAAAAAAAAAAAAAAAAAAAAAZGVzYwAAAAAAAAAsUmVmZXJlbmNlIFZpZXdpbmcgQ29uZGl0aW9uIGluIElFQzYxOTY2LTIuMQAAAAAAAAAAAAAALFJlZmVyZW5jZSBWaWV3aW5nIENvbmRpdGlvbiBpbiBJRUM2MTk2Ni0yLjEAAAAAAAAAAAAAAAAAAAAAAAAAAAAAAAAAAHZpZXcAAAAAABOk\/gAUXy4AEM8UAAPtzAAEEwsAA1yeAAAAAVhZWiAAAAAAAEwJVgBQAAAAVx\/nbWVhcwAAAAAAAAABAAAAAAAAAAAAAAAAAAAAAAAAAo8AAAACc2lnIAAAAABDUlQgY3VydgAAAAAAAAQAAAAABQAKAA8AFAAZAB4AIwAoAC0AMgA3ADsAQABFAEoATwBUAFkAXgBjAGgAbQByAHcAfACBAIYAiwCQAJUAmgCfAKQAqQCuALIAtwC8AMEAxgDLANAA1QDbAOAA5QDrAPAA9gD7AQEBBwENARMBGQEfASUBKwEyATgBPgFFAUwBUgFZAWABZwFuAXUBfAGDAYsBkgGaAaEBqQGxAbkBwQHJAdEB2QHhAekB8gH6AgMCDAIUAh0CJgIvAjgCQQJLAlQCXQJnAnECegKEAo4CmAKiAqwCtgLBAssC1QLgAusC9QMAAwsDFgMhAy0DOANDA08DWgNmA3IDfgOKA5YDogOuA7oDxwPTA+AD7AP5BAYEEwQgBC0EOwRIBFUEYwRxBH4EjASaBKgEtgTEBNME4QTwBP4FDQUcBSsFOgVJBVgFZwV3BYYFlgWmBbUFxQXVBeUF9gYGBhYGJwY3BkgGWQZqBnsGjAadBq8GwAbRBuMG9QcHBxkHKwc9B08HYQd0B4YHmQesB78H0gflB\/gICwgfCDIIRghaCG4IggiWCKoIvgjSCOcI+wkQCSUJOglPCWQJeQmPCaQJugnPCeUJ+woRCicKPQpUCmoKgQqYCq4KxQrcCvMLCwsiCzkLUQtpC4ALmAuwC8gL4Qv5DBIMKgxDDFwMdQyODKcMwAzZDPMNDQ0mDUANWg10DY4NqQ3DDd4N+A4TDi4OSQ5kDn8Omw62DtIO7g8JDyUPQQ9eD3oPlg+zD88P7BAJECYQQxBhEH4QmxC5ENcQ9RETETERTxFtEYwRqhHJEegSBxImEkUSZBKEEqMSwxLjEwMTIxNDE2MTgxOkE8UT5RQGFCcUSRRqFIsUrRTOFPAVEhU0FVYVeBWbFb0V4BYDFiYWSRZsFo8WshbWFvoXHRdBF2UXiReuF9IX9xgbGEAYZRiKGK8Y1Rj6GSAZRRlrGZEZtxndGgQaKhpRGncanhrFGuwbFBs7G2MbihuyG9ocAhwqHFIcexyjHMwc9R0eHUcdcB2ZHcMd7B4WHkAeah6UHr4e6R8THz4faR+UH78f6iAVIEEgbCCYIMQg8CEcIUghdSGhIc4h+yInIlUigiKvIt0jCiM4I2YjlCPCI\/AkHyRNJHwkqyTaJQklOCVoJZclxyX3JicmVyaHJrcm6CcYJ0kneierJ9woDSg\/KHEooijUKQYpOClrKZ0p0CoCKjUqaCqbKs8rAis2K2krnSvRLAUsOSxuLKIs1y0MLUEtdi2rLeEuFi5MLoIuty7uLyQvWi+RL8cv\/jA1MGwwpDDbMRIxSjGCMbox8jIqMmMymzLUMw0zRjN\/M7gz8TQrNGU0njTYNRM1TTWHNcI1\/TY3NnI2rjbpNyQ3YDecN9c4FDhQOIw4yDkFOUI5fzm8Ofk6Njp0OrI67zstO2s7qjvoPCc8ZTykPOM9Ij1hPaE94D4gPmA+oD7gPyE\/YT+iP+JAI0BkQKZA50EpQWpBrEHuQjBCckK1QvdDOkN9Q8BEA0RHRIpEzkUSRVVFmkXeRiJGZ0arRvBHNUd7R8BIBUhLSJFI10kdSWNJqUnwSjdKfUrESwxLU0uaS+JMKkxyTLpNAk1KTZNN3E4lTm5Ot08AT0lPk0\/dUCdQcVC7UQZRUFGbUeZSMVJ8UsdTE1NfU6pT9lRCVI9U21UoVXVVwlYPVlxWqVb3V0RXklfgWC9YfVjLWRpZaVm4WgdaVlqmWvVbRVuVW+VcNVyGXNZdJ114XcleGl5sXr1fD19hX7NgBWBXYKpg\/GFPYaJh9WJJYpxi8GNDY5dj62RAZJRk6WU9ZZJl52Y9ZpJm6Gc9Z5Nn6Wg\/aJZo7GlDaZpp8WpIap9q92tPa6dr\/2xXbK9tCG1gbbluEm5rbsRvHm94b9FwK3CGcOBxOnGVcfByS3KmcwFzXXO4dBR0cHTMdSh1hXXhdj52m3b4d1Z3s3gReG54zHkqeYl553pGeqV7BHtje8J8IXyBfOF9QX2hfgF+Yn7CfyN\/hH\/lgEeAqIEKgWuBzYIwgpKC9INXg7qEHYSAhOOFR4Wrhg6GcobXhzuHn4gEiGmIzokziZmJ\/opkisqLMIuWi\/yMY4zKjTGNmI3\/jmaOzo82j56QBpBukNaRP5GokhGSepLjk02TtpQglIqU9JVflcmWNJaflwqXdZfgmEyYuJkkmZCZ\/JpomtWbQpuvnByciZz3nWSd0p5Anq6fHZ+Ln\/qgaaDYoUehtqImopajBqN2o+akVqTHpTilqaYapoum\/adup+CoUqjEqTepqaocqo+rAqt1q+msXKzQrUStuK4trqGvFq+LsACwdbDqsWCx1rJLssKzOLOutCW0nLUTtYq2AbZ5tvC3aLfguFm40blKucK6O7q1uy67p7whvJu9Fb2Pvgq+hL7\/v3q\/9cBwwOzBZ8Hjwl\/C28NYw9TEUcTOxUvFyMZGxsPHQce\/yD3IvMk6ybnKOMq3yzbLtsw1zLXNNc21zjbOts83z7jQOdC60TzRvtI\/0sHTRNPG1EnUy9VO1dHWVdbY11zX4Nhk2OjZbNnx2nba+9uA3AXcit0Q3ZbeHN6i3ynfr+A24L3hROHM4lPi2+Nj4+vkc+T85YTmDeaW5x\/nqegy6LzpRunQ6lvq5etw6\/vshu0R7ZzuKO6070DvzPBY8OXxcvH\/8ozzGfOn9DT0wvVQ9d72bfb794r4Gfio+Tj5x\/pX+uf7d\/wH\/Jj9Kf26\/kv+3P9t\/\/\/\/2wBDAAYEBAUEBAYFBQUGBgYHCQ4JCQgICRINDQoOFRIWFhUSFBQXGiEcFxgfGRQUHScdHyIjJSUlFhwpLCgkKyEkJST\/2wBDAQYGBgkICREJCREkGBQYJCQkJCQkJCQkJCQkJCQkJCQkJCQkJCQkJCQkJCQkJCQkJCQkJCQkJCQkJCQkJCQkJCT\/wAARCAAkAEADASIAAhEBAxEB\/8QAGgAAAgMBAQAAAAAAAAAAAAAAAAIEBwgDBf\/EAC8QAAIBAgQFAwIGAwAAAAAAAAECAwQRAAUSIQYTMUFRByJxCJEUUmGBofAjMtH\/xAAZAQEAAwEBAAAAAAAAAAAAAAADAQIFBAD\/xAAiEQACAQMDBQEAAAAAAAAAAAAAAQIDETESIUETFEJSkTL\/2gAMAwEAAhEDEQA\/ANECUecOso84rNPWPhx4dZqJFP5dIJ+4Nsc4PWrhuTmRipkaVLnSIzv436YwOrW9X8NXo01yvpaQmHnAZ1VSxIAAuTin+J\/XrIMmyWStoZzW1P8ArHAEZfdvs1xsNsVTwv8AUXxAc7q5M7U1GX1jKHEam1OouPb4vcC98LTlWkm9IM1Si7XNTtmM9RcwOkUZHsYrqLeD8dMOmZOjqsoDIxtzBtpPa\/8AAxkTO\/qO4pl4gWqoZuRlokNqMou6A2sTub27jvj2Mo+ovOVymDLpaNGkjJSWqkYsxQG5223C\/rhnGslgNSpXyatacecczOvnGb0+qwfjFR8hfke+9pbMfy2vt064au+qIBSlJlMaScvXeaYkX7Cyjrb4wD7i\/wCRU6HsVJNxJBGVqBOrE2uDTMBqB8XuP3746njrno6QttpBsKMkkm199Ww2\/nFvRejfDFPTq8lJPJq9x1zMd9\/jD0\/pNwi1M8oyhZJWOq7Nc\/e+NRKCRn65PYoirzqGqDNNVVhJYPp\/DnSLW6b\/ANviPT51S09JWU8dVUulXGI5FaAG1jcEe7rjRNR6f8MZZl\/NiyWmEtgunkg3vt1APzhcv4XyYsoOUUiaCCSY1UE\/ptiY6Moq7rgzZKcriaJoWzESpZl1QqQT56+ceo1TDm6zFEqkqJZNbyiADULC62BPcD7nzi\/q7Icvapv+Ap0YEbqFK7\/A2xOyzLKeghMf+NWfdSkY6dbbC1tseko7S5JjJ4sZ6iyCw55ctsEVDAxIPXftv0\/fCPwnI\/MPNKjsHhZbEDt9saiiWIJpfdH6hobXP9GJT0tPOy86JHv0Okj74o5NcEpIapkCoq6EOo7lt\/tfCUUaoOgPMW5v2+PGDBjiWWdPAlSSyXvtvcdjiNTUwlld+YyEWT2helge48nBgw3iwvIh18Edw4UDUDdQBY46JKYAiRhVDA3sP0wYMPS3SuFPZshSV1TLMFMrKBJbbvtfHpUcjyMyu2rSLC4+P+4MGGlgFZP\/2Q=='); --hero-image-until-sm: url('https:\/\/up-vhs.ch.ownb.it\/wp-content\/uploads\/pexels-jose-rodriguez-ortega-2189823-13963237-768x432.jpg'); --hero-image-until-sm-2x: url('https:\/\/up-vhs.ch.ownb.it\/wp-content\/uploads\/pexels-jose-rodriguez-ortega-2189823-13963237-1536x864.jpg'); --hero-image-until-xl: url('https:\/\/up-vhs.ch.ownb.it\/wp-content\/uploads\/pexels-jose-rodriguez-ortega-2189823-13963237-1400x788.jpg'); --hero-image-until-xl-2x: url('https:\/\/up-vhs.ch.ownb.it\/wp-content\/uploads\/pexels-jose-rodriguez-ortega-2189823-13963237-2800x1576.jpg'); --hero-image-until-3xl: url('https:\/\/up-vhs.ch.ownb.it\/wp-content\/uploads\/pexels-jose-rodriguez-ortega-2189823-13963237-1900x1069.jpg'); --hero-image-until-3xl-2x: url('https:\/\/up-vhs.ch.ownb.it\/wp-content\/uploads\/pexels-jose-rodriguez-ortega-2189823-13963237-3800x2138.jpg'); --hero-image-position: 50% 50%\"\n>\n\t<div class=\"hero-media\">\n\t\t\t<div class=\"hero-logo-overlay-container\">\n\t\t\t\t<svg class=\"hero-logo-overlay-mask\" aria-hidden=\"true\" focusable=\"false\" width=\"576\" height=\"576\" viewBox=\"0 0 576 576\" fill=\"none\" xmlns=\"http:\/\/www.w3.org\/2000\/svg\">\n\t\t\t\t\t<defs>\n\t\t\t\t\t\t<clipPath id=\"overlay-logo-1863ea918-58a5-45b1-8a4f-6d90b7c4d27c\" clipPathUnits=\"objectBoundingBox\">\n\t\t\t\t\t\t\t<path d=\"M0 1c.55229167 0 1-.44770833 1-1H.71875v.00223958c0 .3974132-.32159722.7197743-.71875.72097223V1Z\"><\/path>\n\t\t\t\t\t\t<\/clipPath>\n\t\t\t\t\t<\/defs>\n\t\t\t\t<\/svg>\n\t\t\t\t<div class=\"hero-logo-overlay hero-logo-overlay-1\" style=\"--width: 576px; --aspect-ratio: 576 \/ 576; --url: url(#overlay-logo-1863ea918-58a5-45b1-8a4f-6d90b7c4d27c)\"><\/div>\n\n\t\t\t\t<svg class=\"hero-logo-overlay-mask\" aria-hidden=\"true\" focusable=\"false\" width=\"906\" height=\"906\" viewBox=\"0 0 906 906\" xmlns=\"http:\/\/www.w3.org\/2000\/svg\">\n\t\t\t\t\t<defs>\n\t\t\t\t\t\t<clipPath id=\"overlay-logo-2863ea918-58a5-45b1-8a4f-6d90b7c4d27c\" clipPathUnits=\"objectBoundingBox\">\n\t\t\t\t\t\t\t<path d=\"M1 0C.44771523 0 0 .44771523 0 1h.28125386C.28125166.99925607.28124945.99851214.28124945.99776821c0-.3974437.3215894-.71977594.71875055-.72097903V0Z\"><\/path>\n\t\t\t\t\t\t<\/clipPath>\n\t\t\t\t\t<\/defs>\n\t\t\t\t<\/svg>\n\t\t\t\t<div class=\"hero-logo-overlay hero-logo-overlay-2\" style=\"--width: 906px; --aspect-ratio: 906 \/ 906; --url: url(#overlay-logo-2863ea918-58a5-45b1-8a4f-6d90b7c4d27c)\"><\/div>\n\t\t\t<\/div>\n\n\t\t<div class=\"hero-content-wrapper\">\n\t\t\t<div class=\"hero-content\">\n\t\t\t\t<h1 class=\"hero-title\">\n\t\t\t\t\t<span class=\"headline-bg-wrapper-ghost\" aria-hidden=\"true\" data-content=\"Contatto\"><\/span><span class=\"headline-bg-wrapper\">Contatto<\/span>\n\t\t\t\t<\/h1>\n\t\t\t<\/div>\n\t\t<\/div>\n\t\t<div class=\"hero-scroll-indicator-wrapper\">\n\t\t\t<button class=\"hero-scroll-indicator\" aria-hidden=\"true\" tabindex=\"-1\">\n\t\t\t\t<svg aria-hidden=\"true\" focusable=\"false\" width=\"22\" height=\"24\" viewBox=\"0 0 22 24\" xmlns=\"http:\/\/www.w3.org\/2000\/svg\"><path d=\"m21.248 13.493-7.938 9.352a3.275 3.275 0 0 1-4.993 0L.378 13.493a1.606 1.606 0 1 1 2.457-2.07l6.373 7.505V1.605a1.605 1.605 0 0 1 3.21 0v17.323l6.35-7.506a1.616 1.616 0 1 1 2.48 2.071Z\" fill=\"currentColor\" fill-rule=\"nonzero\"><\/path><\/svg>\n\n\t\t\t\t<span class=\"sr-only\">Scorri gi\u00f9<\/span>\n\t\t\t<\/button>\n\t\t<\/div>\n\t\t<div class=\"hero-preview-wrapper loading\"><div class=\"hero-preview\"><\/div><\/div>\n\t\t<svg width=\"0\" height=\"0\" xmlns=\"http:\/\/www.w3.org\/2000\/svg\" version=\"1.1\">\n\t\t\t<defs>\n\t\t\t\t<filter id=\"goo\">\n\t\t\t\t<feGaussianBlur in=\"SourceGraphic\" stdDeviation=\"5\" result=\"blur\"><\/feGaussianBlur>\n\t\t\t\t<feColorMatrix in=\"blur\" mode=\"matrix\" values=\"1 0 0 0 0  0 1 0 0 0  0 0 1 0 0  0 0 0 19 -9\" result=\"goo\"><\/feColorMatrix>\n\t\t\t\t<feComposite in=\"SourceGraphic\" in2=\"goo\" operator=\"atop\"><\/feComposite>\n\t\t\t\t<\/filter>\n\t\t\t<\/defs>\n\t\t<\/svg>\n\t<\/div>\n<\/div>\n<script>\nwindow.heroPageLoadTimestamp = Date.now()\n\n;(() => {\nconst previewElement = document.currentScript.previousElementSibling.querySelector('.hero-preview-wrapper')\nconst mediaElement = previewElement.closest('.hero-media')\nconst getUrl = () => getComputedStyle(mediaElement).backgroundImage\n\t.match(\/url\\(([\"']?)([^'\"]*?)\\1\\)\/)?.[2] ?? undefined\n\nlet isInitialLoad = true\nlet currentUrl = getUrl()\n\nconst reactToUrl = url => {\n\tif (!url) return\n\n\tpreviewElement.classList.add('loading')\n\n\tconst start = isInitialLoad ? window.heroPageLoadTimestamp : Date.now()\n\tconst image = new Image()\n\timage.src = url\n\timage.onload = () => {\n\t\tconst end = Date.now()\n\t\tconst duration = end - start\n\n\t\tlet loadingSpeed = 'instant'\n\t\tif (duration > 500) {\n\t\t\tloadingSpeed = 'fast'\n\t\t}\n\t\tif (duration > 1_500) {\n\t\t\tloadingSpeed = 'medium'\n\t\t}\n\t\tif (duration > 3_000) {\n\t\t\tloadingSpeed = 'slow'\n\t\t}\n\n\t\tpreviewElement.dataset.loadingSpeed = loadingSpeed\n\t\tpreviewElement.classList.remove('loading')\n\t}\n\n\tisInitialLoad = false\n}\nreactToUrl(currentUrl)\n\nconst observer = new ResizeObserver(() => {\n\tconst newUrl = getUrl()\n\tif (currentUrl !== newUrl) {\n\t\tcurrentUrl = newUrl\n\t\treactToUrl(currentUrl)\n\t}\n})\nobserver.observe(mediaElement)\n})()\n<\/script>\n<div class=\"breadcrumb-container\">\n\t<div class=\"container\">\n\t\t<nav class=\"breadcrumb\" aria-label=\"Breadcrumb\">\n\t\t\t<ol>\n\t\t\t\t<li>\n\t\t\t\t\t<a href=\"https:\/\/up-vhs.ch.ownb.it\/it\/\" class=\"breadcrumb-link\">Pagina iniziale<\/a>\n\t\t\t\t<\/li>\n\t\t\t\t<li>\n\t\t\t\t\t<a href=\"https:\/\/up-vhs.ch.ownb.it\/it\/kontakt\/\" class=\"breadcrumb-link\" aria-current=\"page\">Contatto<\/a>\n\t\t\t\t<\/li>\n\t\t\t<\/ol>\n\t\t<\/nav>\n\t<\/div>\n<\/div>\n\n<div class=\"background-section background style-light\">\n\n<div  class=\"page-section align-default\">\n\t<div\n\t\tclass=\"section-grid grid-layout container\"\n\t\tdata-cqw-container=\"section\"\n\t><div  style=\"--grid-layout-index: 1; --col-xs: 12; --col-sm: 6; --col-md: 4; --col-lg: 4; --col-xl: 4\" class=\"section-item layout-default layout-margin-default\" data-cqw-container=\"column\">\n\t<div class=\"column-content\" data-cqw-query=\"column\/99 column\/lt:99\">\n\t\t\n\n\n\t<div class=\"card box-card with-border  style-default\"\n\t\t\n\t>\n\t\t<div class=\"card-inner\">\n<h5>Indirizzo<\/h5>\n<p>Associazione delle Universit\u00e0 Populari Svizzere<br \/>\nHohlstrasse 290<br \/>\n8004 Z\u00fcrich<\/p>\n\t\t<\/div>\n\t<\/div>\n\n\n\t<\/div>\n<\/div><div  style=\"--grid-layout-index: 2; --col-xs: 12; --col-sm: 6; --col-md: 4; --col-lg: 4; --col-xl: 4\" class=\"section-item layout-default layout-margin-default\" data-cqw-container=\"column\">\n\t<div class=\"column-content\" data-cqw-query=\"column\/99 column\/lt:99\">\n\t\t\n\n\n\t<div class=\"card box-card with-border  style-default\"\n\t\t\n\t>\n\t\t<div class=\"card-inner\">\n<h5>Ufficio<\/h5>\n<p>Associazione delle Universit\u00e0 Populari Svizzere<br \/>\nHohlstrasse 290<br \/>\n8004 Z\u00fcrich<\/p>\n\t\t<\/div>\n\t<\/div>\n\n\n\t<\/div>\n<\/div><div  style=\"--grid-layout-index: 3; --col-xs: 12; --col-sm: 6; --col-md: 4; --col-lg: 4; --col-xl: 4\" class=\"section-item layout-default layout-margin-default\" data-cqw-container=\"column\">\n\t<div class=\"column-content\" data-cqw-query=\"column\/99 column\/lt:99\">\n\t\t\n\n\n\t<div class=\"card box-card with-border  style-default\"\n\t\t\n\t>\n\t\t<div class=\"card-inner\">\n<h5>Inviare e-mail<\/h5>\n<p><a href=\"mailto:office@up-vhs.ch\">office@up-vhs.ch<\/a><\/p>\n\t\t<\/div>\n\t<\/div>\n\n\n\t<\/div>\n<\/div><\/div>\n<\/div>\n<div  class=\"page-section align-default\">\n\t<div\n\t\tclass=\"section-grid grid-layout container\"\n\t\tdata-cqw-container=\"section\"\n\t><div  style=\"--grid-layout-index: 1; --col-xs: 12; --col-sm: 12; --col-md: 12; --col-lg: 8; --col-xl: 7\" class=\"section-item layout-default layout-margin-default\" data-cqw-container=\"column\">\n\t<div class=\"column-content\" data-cqw-query=\"column\/99 column\/lt:99\">\n\t\t<h2>Modulo di contatto<\/h2>\n\n\t<div class=\"wpforms-container \" id=\"wpforms-20\"><form id=\"wpforms-form-20\" class=\"wpforms-validate wpforms-form wpforms-ajax-form\" data-formid=\"20\" method=\"post\" enctype=\"multipart\/form-data\" action=\"\/it\/wp-json\/wp\/v2\/pages\/1337\" data-token=\"8d3e629bd98feefea5cdc937ee575570\" data-token-time=\"1776691197\"><noscript class=\"wpforms-error-noscript\">Abilita JavaScript nel browser per completare questo modulo.<\/noscript><div class=\"wpforms-field-container\"><div id=\"wpforms-20-field_7-container\" class=\"wpforms-field wpforms-field-layout\" data-field-id=\"7\"><div class=\"wpforms-field-layout-columns wpforms-field-layout-preset-50-50\"><div class=\"wpforms-layout-column wpforms-layout-column-50\" ><div id=\"wpforms-20-field_1-container\" class=\"wpforms-field wpforms-field-text\" data-field-id=\"1\"><label class=\"wpforms-field-label\" for=\"wpforms-20-field_1\">Nome <span class=\"wpforms-required-label\">*<\/span><\/label><input type=\"text\" id=\"wpforms-20-field_1\" class=\"wpforms-field-medium wpforms-field-required\" name=\"wpforms[fields][1]\" required><\/div><\/div><div class=\"wpforms-layout-column wpforms-layout-column-50\" ><div id=\"wpforms-20-field_2-container\" class=\"wpforms-field wpforms-field-text\" data-field-id=\"2\"><label class=\"wpforms-field-label\" for=\"wpforms-20-field_2\">Cognome <span class=\"wpforms-required-label\">*<\/span><\/label><input type=\"text\" id=\"wpforms-20-field_2\" class=\"wpforms-field-medium wpforms-field-required\" name=\"wpforms[fields][2]\" required><\/div><\/div><\/div><\/div><div id=\"wpforms-20-field_4-container\" class=\"wpforms-field wpforms-field-email\" data-field-id=\"4\"><label class=\"wpforms-field-label\" for=\"wpforms-20-field_4\">E-mail <span class=\"wpforms-required-label\">*<\/span><\/label><input type=\"email\" id=\"wpforms-20-field_4\" class=\"wpforms-field-medium wpforms-field-required\" name=\"wpforms[fields][4]\" spellcheck=\"false\" required><\/div><div id=\"wpforms-20-field_3-container\" class=\"wpforms-field wpforms-field-phone\" data-field-id=\"3\"><label class=\"wpforms-field-label\" for=\"wpforms-20-field_3\">Telefono<\/label><input type=\"tel\" id=\"wpforms-20-field_3\" class=\"wpforms-field-medium\" data-rule-int-phone-field=\"true\" name=\"wpforms[fields][3]\" aria-label=\"Telefono\" ><\/div><div id=\"wpforms-20-field_6-container\" class=\"wpforms-field wpforms-field-textarea\" data-field-id=\"6\"><label class=\"wpforms-field-label\" for=\"wpforms-20-field_6\">Messaggio <span class=\"wpforms-required-label\">*<\/span><\/label><textarea id=\"wpforms-20-field_6\" class=\"wpforms-field-medium wpforms-field-required\" name=\"wpforms[fields][6]\" required><\/textarea><\/div><div id=\"wpforms-20-field_5-container\" class=\"wpforms-field wpforms-field-captcha\" data-field-id=\"5\"><label class=\"wpforms-field-label\" for=\"wpforms-20-field_5\">Protezione antispam <span class=\"wpforms-required-label\">*<\/span><\/label>\t\t\t<div class=\"wpforms-captcha-math\">\n\t\t\t\t<span id=\"wpforms-20-field_5-question\" class=\"wpforms-captcha-equation\">\n\t\t\t\t\t<span class=\"n1\">14<\/span>\n\t\t\t\t\t\t\t<span class=\"cal\">+<\/span>\n\t\t\t\t\t\t\t<span class=\"n2\">5<\/span>\t\t\t\t\t<span class=\"e\">=<\/span>\n\t\t\t\t<\/span>\n\t\t\t\t<input type=\"text\" id=\"wpforms-20-field_5\" class=\"wpforms-field-medium wpforms-field-required a\" data-rule-wpf-captcha=\"math\" data-is-wrapped-field=\"1\" name=\"wpforms[fields][5][a]\" aria-describedby=\"wpforms-20-field_5-question\" required>\t\t\t\t<input type=\"hidden\" name=\"wpforms[fields][5][cal]\" class=\"cal\">\n\t\t\t\t<input type=\"hidden\" name=\"wpforms[fields][5][n2]\" class=\"n2\">\n\t\t\t\t<input type=\"hidden\" name=\"wpforms[fields][5][n1]\" class=\"n1\">\n\t\t\t<\/div>\n\t\t\t<div class=\"wpforms-field-description\">Risolvete il seguente compito per dimostrare che siete umani.<\/div><\/div><\/div><!-- .wpforms-field-container --><div class=\"wpforms-submit-container\" ><input type=\"hidden\" name=\"wpforms[id]\" value=\"20\"><input type=\"hidden\" name=\"page_title\" value=\"\"><input type=\"hidden\" name=\"page_url\" value=\"https:\/\/up-vhs.ch.ownb.it\/it\/wp-json\/wp\/v2\/pages\/1337\"><input type=\"hidden\" name=\"url_referer\" value=\"\"><button type=\"submit\" name=\"wpforms[submit]\" id=\"wpforms-submit-20\" class=\"wpforms-submit\" data-alt-text=\"Inviare...\" data-submit-text=\"Invio\" aria-live=\"assertive\" value=\"wpforms-submit\">Invio<\/button><img loading=\"lazy\" decoding=\"async\" src=\"https:\/\/up-vhs.ch.ownb.it\/wp-content\/plugins\/wpforms\/assets\/images\/submit-spin.svg\" class=\"wpforms-submit-spinner\" style=\"display: none;\" width=\"26\" height=\"26\" alt=\"Caricamento\"><\/div><\/form><\/div>  <!-- .wpforms-container -->\n\n\t<\/div>\n<\/div><\/div>\n<\/div>\n<\/div>\n\n<div class=\"background-section background style-secondary\">\n\t\t<div class=\"background-overlay-container\">\n\t\t\t<svg class=\"background-overlay background-overlay-1\" style=\"--aspect-ratio: 576 \/ 576\" aria-hidden=\"true\" focusable=\"false\" width=\"576\" height=\"576\" viewBox=\"0 0 576 576\" fill=\"none\" xmlns=\"http:\/\/www.w3.org\/2000\/svg\">\n\t\t\t\t<path d=\"M0 576A576 576 0 0 0 576 0H414v1.3A415.3 415.3 0 0 1 0 416.6V576Z\" fill=\"#fff5\" style=\"fill: var(--decoration-1-fill)\"><\/path>\n\t\t\t<\/svg>\n\n\t\t\t<svg class=\"background-overlay background-overlay-2\" style=\"--aspect-ratio: 906 \/ 906\" aria-hidden=\"true\" focusable=\"false\" width=\"906\" height=\"906\" viewBox=\"0 0 906 906\" xmlns=\"http:\/\/www.w3.org\/2000\/svg\">\n\t\t\t\t<path d=\"M906 0C405.63 0 0 405.63 0 906h254.82v-2.02c0-360.09 291.35-652.12 651.18-653.2V0Z\" fill=\"#0005\" style=\"fill: var(--decoration-2-fill)\" fill-rule=\"evenodd\"><\/path>\n\t\t\t<\/svg>\n\t\t<\/div>\n\t\t <div class=\"background-content-wrapper\">\n\n<div  class=\"page-section align-vcenter\">\n\t<div\n\t\tclass=\"section-grid grid-layout container\"\n\t\tdata-cqw-container=\"section\"\n\t><div  style=\"--grid-layout-index: 1; --col-xs: 12; --col-sm: 12; --col-md: 8; --col-lg: 8; --col-xl: 8\" class=\"section-item layout-padding-r layout-margin-default\" data-cqw-container=\"column\">\n\t<div class=\"column-content\" data-cqw-query=\"column\/99 column\/lt:99\">\n\t\t<h3>Rimanete aggiornati<\/h3>\n<div class=\"lead-text\">\n<p>\u2026e iscrivetevi gratuitamente alla nostra newsletter. Iscrivendovi riceverete regolarmente gli ultimi consigli sugli eventi e le offerte dei corsi.<\/p>\n<\/div>\n\n\t<\/div>\n<\/div><div  style=\"--grid-layout-index: 2; --col-xs: 12; --col-sm: 12; --col-md: 4; --col-lg: 4; --col-xl: 4\" class=\"section-item layout-padding-lmax layout-margin-default\" data-cqw-container=\"column\">\n\t<div class=\"column-content\" data-cqw-query=\"column\/99 column\/lt:99\">\n\t\t\n<div class=\"buttons\">\n\t<div class=\"button-group\">\n\n\t\t\t<a\n\t\t\t\thref=\"https:\/\/up-vhs.ch.ownb.it\/it\/newsletter\/\" target=\"_blank\" rel=\"noopener\" class=\"button style-default with-arrow\"\n\t\t\t>\n\t\t\t\tIscriviti alla newsletter\n\t\t\t<\/a>\n\t<\/div>\n<\/div>\n\n\t<\/div>\n<\/div><\/div>\n<\/div>\n\t\t<\/div>\n<\/div>\n","protected":false},"excerpt":{"rendered":"<p>Contatto Scorri gi\u00f9 Pagina iniziale Contatto Indirizzo Associazione delle Universit\u00e0 Populari Svizzere Hohlstrasse 290 8004 Z\u00fcrich Ufficio Associazione delle Universit\u00e0 Populari Svizzere Hohlstrasse 290 8004 Z\u00fcrich Inviare e-mail office@up-vhs.ch Modulo di contatto Abilita JavaScript nel browser per completare questo modulo.Nome *Cognome *E-mail *TelefonoMessaggio *Protezione antispam * 8 * 14 = Risolvete il seguente compito per [&hellip;]<\/p>\n","protected":false},"author":1,"featured_media":0,"parent":0,"menu_order":0,"comment_status":"closed","ping_status":"closed","template":"","meta":{"_acf_changed":false,"inline_featured_image":false,"footnotes":""},"class_list":["post-1337","page","type-page","status-publish","hentry"],"acf":[],"_links":{"self":[{"href":"https:\/\/up-vhs.ch.ownb.it\/it\/wp-json\/wp\/v2\/pages\/1337","targetHints":{"allow":["GET"]}}],"collection":[{"href":"https:\/\/up-vhs.ch.ownb.it\/it\/wp-json\/wp\/v2\/pages"}],"about":[{"href":"https:\/\/up-vhs.ch.ownb.it\/it\/wp-json\/wp\/v2\/types\/page"}],"author":[{"embeddable":true,"href":"https:\/\/up-vhs.ch.ownb.it\/it\/wp-json\/wp\/v2\/users\/1"}],"replies":[{"embeddable":true,"href":"https:\/\/up-vhs.ch.ownb.it\/it\/wp-json\/wp\/v2\/comments?post=1337"}],"version-history":[{"count":0,"href":"https:\/\/up-vhs.ch.ownb.it\/it\/wp-json\/wp\/v2\/pages\/1337\/revisions"}],"wp:attachment":[{"href":"https:\/\/up-vhs.ch.ownb.it\/it\/wp-json\/wp\/v2\/media?parent=1337"}],"curies":[{"name":"wp","href":"https:\/\/api.w.org\/{rel}","templated":true}]}}